{"id":186,"date":"2021-02-04T10:16:10","date_gmt":"2021-02-04T10:16:10","guid":{"rendered":"https:\/\/www.ibjerget.dk\/?page_id=186"},"modified":"2021-08-10T17:25:47","modified_gmt":"2021-08-10T17:25:47","slug":"tarotkortterapi","status":"publish","type":"page","link":"https:\/\/www.ibjerget.dk\/index.php\/tarotkortterapi\/","title":{"rendered":"Tarotkortterapi"},"content":{"rendered":"\n<p><strong>Tarotkortterapi<\/strong> v\/<a href=\"https:\/\/www.ibjerget.dk\/index.php\/lone\/\" data-type=\"page\" data-id=\"58\">Lone Hvid<\/a><\/p>\n\n\n\n<p>Jeg har arbejdet med Tarotkort igennem mange \u00e5r og har dyb respekt for kortenes symbolverden, som jeg bl.a. har studeret gennem mit kendskab til C.G. Jung, dr\u00f8mmetydning (som jeg har undervist i p\u00e5 aftenskole og dagh\u00f8jskole) og m\u00f8dt p\u00e5 mit PD studie i Psykologi.<\/p>\n\n\n\n<p>Tarotkort er opdelt i 2 serier kaldet Den store Arkana og Den lille Arkana. F\u00f8rstn\u00e6vnte beskriver de store \u00e6ndringer og markante sider i vores liv. Disse kort tr\u00e6kkes ofte i forbindelse med store beslutninger eller en status, der er meget vigtig at kigge p\u00e5 for at komme videre i udviklingen, i den for klienten rigtige udvikling.<\/p>\n\n\n\n<p>Den lille Arkana beskriver mere fra dagligdagen, en status p\u00e5 det, vi g\u00f8r lige nu, noget vi kan v\u00e6re opm\u00e6rksom p\u00e5, s\u00e5 vi kan udvikle os.<\/p>\n\n\n\n<p>Kortene repr\u00e6senterer v\u00e6sentlige arketyper og\/eller arketypiske situationer med billeder, som vi kan forholde os til eller som meddelelser til os fra vores ubevidste til vores bevidste sind, s\u00e5 vi bliver i stand til p\u00e5 en mere bevidst m\u00e5de at tr\u00e6ffe de rigtige beslutninger i vores liv.<\/p>\n\n\n\n<p>Med andre ord s\u00e5 afspejler kortene de billeder, vi har i vores ubevidste, ligesom det sker i vores dr\u00f8mme, hvor vi ogs\u00e5 tr\u00e6kker p\u00e5 symboler fra det kollektive ubevidste (Carl Gustav Jung).<\/p>\n\n\n\n<p>Det betyder i en terapisituation, at vi kan bev\u00e6ge os rundt i det ubevidste i forhold til de sp\u00f8rgsm\u00e5l, vi stiller til os selv, og kortene \u201dsvarer os\u201d tilbage.<\/p>\n\n\n\n<p>I de \u00e5r, jeg har arbejdet med Tarotkort, har jeg ofte t\u00e6nkt, at det var m\u00e6rkv\u00e6rdige sammentr\u00e6f, at den kollektive betydning af et Tarotkort stemmer v\u00e6ldig meget overens med det, der passer ind i en sammenh\u00e6ng af en terapisession. Men det er ALTID vigtigst, hvordan klienten tolker kortet ud fra det sp\u00f8rgsm\u00e5l, der er stillet.<\/p>\n\n\n\n<p>Terapeutens opgave er at se sammenh\u00e6nge, tr\u00e6kke linjer op og evt. inddrage den kollektive betydning af kortene til inspiration for klientens proces.<\/p>\n\n\n\n<p>En session kommer godt omkring en problemsituation, og det er derfor vigtigt, at der er tid til r\u00e5dighed til refleksion, sammenh\u00e6ng og ny forst\u00e5else af en livssituation.<\/p>\n\n\n\n<p>Tarotkort-terapi bruges derfor mest i situationer som:<\/p>\n\n\n\n<ul class=\"wp-block-list\"><li>Store beslutninger i sit liv<\/li><li>At forst\u00e5 baggrunde for livssituation, og hvad man kan g\u00f8re for at \u00e6ndre<\/li><li>At forst\u00e5 sig selv, s\u00e5 man f\u00e5r mere ud af sine potentialer<\/li><li>En status af sig selv i forhold til fx partner, jobsituation, konflikter<\/li><li>At afd\u00e6kke sit st\u00e5sted og sine muligheder i livet.<\/li><\/ul>\n\n\n\n<p>En terapisession tager ofte ca. 2 timer.<\/p>\n\n\n\n<p>En session koster 700 kr.<\/p>\n","protected":false},"excerpt":{"rendered":"<p>Tarotkortterapi v\/Lone Hvid Jeg har arbejdet med Tarotkort igennem mange \u00e5r og har dyb respekt for kortenes symbolverden, som jeg bl.a. har studeret gennem mit kendskab til C.G. Jung, dr\u00f8mmetydning (som jeg har undervist i p\u00e5 aftenskole og dagh\u00f8jskole) og&hellip; <\/p>\n","protected":false},"author":1,"featured_media":0,"parent":0,"menu_order":0,"comment_status":"closed","ping_status":"closed","template":"","meta":{"footnotes":""},"class_list":["post-186","page","type-page","status-publish","hentry"],"_links":{"self":[{"href":"https:\/\/www.ibjerget.dk\/index.php\/wp-json\/wp\/v2\/pages\/186","targetHints":{"allow":["GET"]}}],"collection":[{"href":"https:\/\/www.ibjerget.dk\/index.php\/wp-json\/wp\/v2\/pages"}],"about":[{"href":"https:\/\/www.ibjerget.dk\/index.php\/wp-json\/wp\/v2\/types\/page"}],"author":[{"embeddable":true,"href":"https:\/\/www.ibjerget.dk\/index.php\/wp-json\/wp\/v2\/users\/1"}],"replies":[{"embeddable":true,"href":"https:\/\/www.ibjerget.dk\/index.php\/wp-json\/wp\/v2\/comments?post=186"}],"version-history":[{"count":9,"href":"https:\/\/www.ibjerget.dk\/index.php\/wp-json\/wp\/v2\/pages\/186\/revisions"}],"predecessor-version":[{"id":302,"href":"https:\/\/www.ibjerget.dk\/index.php\/wp-json\/wp\/v2\/pages\/186\/revisions\/302"}],"wp:attachment":[{"href":"https:\/\/www.ibjerget.dk\/index.php\/wp-json\/wp\/v2\/media?parent=186"}],"curies":[{"name":"wp","href":"https:\/\/api.w.org\/{rel}","templated":true}]}}