{"id":2,"date":"2021-01-05T10:03:25","date_gmt":"2021-01-05T10:03:25","guid":{"rendered":"https:\/\/www.ibjerget.dk\/?page_id=2"},"modified":"2026-03-29T19:36:07","modified_gmt":"2026-03-29T19:36:07","slug":"sample-page","status":"publish","type":"page","link":"https:\/\/www.ibjerget.dk\/","title":{"rendered":"Behandlerf\u00e6llesskabet Ibjerget.dk"},"content":{"rendered":"\n<p>Vi er 3 terapeuter, der har fundet sammen ud fra et f\u00e6lles v\u00e6rdis\u00e6t om at skabe en verden, hvor den enkelte er fri og autentisk. Hvor det enkelte menneske er suver\u00e6nt.<\/p>\n\n\n\n<p>Suver\u00e6nitet har mange betydninger, Det, vi l\u00e6gger v\u00e6gt p\u00e5 i denne sammenh\u00e6ng, er evnen til at se sig selv, tage ansvar for sig selv, og leve et fuldt og gl\u00e6desfuldt liv. Og n\u00e5r man tager ansvar for sig selv har man ofte brug for en eller flere, der selv g\u00e5r vejen, til st\u00f8tte. Den st\u00f8tte kan v\u00e6re ved at komme til fuldm\u00e5neaftener,  p\u00e5 sommerlejre, foredrag eller individuelle behandlinger.<\/p>\n\n\n\n<p>G\u00e5 lidt p\u00e5 opdagelse p\u00e5 hjemmesiden og m\u00e6rk efter, om det er noget for dig.<\/p>\n\n\n\n<p>I forbindelse med messen weekenden 28-29. marts, blev der udloddet et gavekort p\u00e5 500 kr til en behandling p\u00e5 Ibjerget. Vi fik vores cafe-assistent Tillia til at tr\u00e6kke den den heldige vinder: Det blev Anne-Marie Fabricius<\/p>\n\n\n\n<figure class=\"wp-block-video\"><video height=\"576\" style=\"aspect-ratio: 1024 \/ 576;\" width=\"1024\" controls src=\"https:\/\/www.ibjerget.dk\/wp-content\/uploads\/2026\/03\/auFGWult.mp4\"><\/video><\/figure>\n\n\n\n<p><\/p>\n\n\n\n<p><br><\/p>\n\n\n\n<p><\/p>\n\n\n\n<p><\/p>\n\n\n\n<p><\/p>\n\n\n\n<p><\/p>\n\n\n\n<p><\/p>\n\n\n\n<p><\/p>\n\n\n\n<p><\/p>\n\n\n\n<p><\/p>\n","protected":false},"excerpt":{"rendered":"<p>Vi er 3 terapeuter, der har fundet sammen ud fra et f\u00e6lles v\u00e6rdis\u00e6t om at skabe en verden, hvor den enkelte er fri og autentisk. Hvor det enkelte menneske er suver\u00e6nt. Suver\u00e6nitet har mange betydninger, Det, vi l\u00e6gger v\u00e6gt p\u00e5&hellip; <\/p>\n","protected":false},"author":1,"featured_media":0,"parent":0,"menu_order":0,"comment_status":"closed","ping_status":"open","template":"","meta":{"footnotes":""},"class_list":["post-2","page","type-page","status-publish","hentry"],"_links":{"self":[{"href":"https:\/\/www.ibjerget.dk\/index.php\/wp-json\/wp\/v2\/pages\/2","targetHints":{"allow":["GET"]}}],"collection":[{"href":"https:\/\/www.ibjerget.dk\/index.php\/wp-json\/wp\/v2\/pages"}],"about":[{"href":"https:\/\/www.ibjerget.dk\/index.php\/wp-json\/wp\/v2\/types\/page"}],"author":[{"embeddable":true,"href":"https:\/\/www.ibjerget.dk\/index.php\/wp-json\/wp\/v2\/users\/1"}],"replies":[{"embeddable":true,"href":"https:\/\/www.ibjerget.dk\/index.php\/wp-json\/wp\/v2\/comments?post=2"}],"version-history":[{"count":27,"href":"https:\/\/www.ibjerget.dk\/index.php\/wp-json\/wp\/v2\/pages\/2\/revisions"}],"predecessor-version":[{"id":935,"href":"https:\/\/www.ibjerget.dk\/index.php\/wp-json\/wp\/v2\/pages\/2\/revisions\/935"}],"wp:attachment":[{"href":"https:\/\/www.ibjerget.dk\/index.php\/wp-json\/wp\/v2\/media?parent=2"}],"curies":[{"name":"wp","href":"https:\/\/api.w.org\/{rel}","templated":true}]}}