{"id":222,"date":"2021-02-07T13:45:52","date_gmt":"2021-02-07T13:45:52","guid":{"rendered":"https:\/\/www.ibjerget.dk\/?page_id=222"},"modified":"2025-08-13T20:01:25","modified_gmt":"2025-08-13T20:01:25","slug":"tegneterapi","status":"publish","type":"page","link":"https:\/\/www.ibjerget.dk\/index.php\/tegneterapi\/","title":{"rendered":"Tegneterapi &#8211; find dine skjulte talenter"},"content":{"rendered":"\n<p>Slip fantasien l\u00f8s, leg med farver og symboler \u2013 og opdag sider af dig selv, du m\u00e5ske ikke vidste fandtes.<br>Gennem tegning, farver og terapeutiske indsigter kan du b\u00e5de give slip p\u00e5 gamle m\u00f8nstre og opdage nye talenter, der har ligget skjult i dit indre.<br>En weekend fyldt med farver, fordybelse og opdagelser.<br>P\u00e5 Ibjerget, Ibjergvej 12, 5792 \u00c5rslev inviterer jeg dig til et weekendkursus den 25. og 26. oktober 2025.<br>Her vil du opleve, hvordan farvernes energi og symbolernes sprog kan \u00e5bne d\u00f8re til en dybere forst\u00e5else af dig selv \u2013 og give dig v\u00e6rkt\u00f8jer, du kan tage med videre p\u00e5 din livsrejse.<\/p>\n\n\n\n<p>DIN UNDERVISER:<\/p>\n\n\n\n<p>Mit navn er Lone Hvid, og jeg er uddannet billedkunstl\u00e6rer, NLP-terapeut og har en PD i psykologi.<br>I mere end 35 \u00e5r har jeg arbejdet med kunst, terapi og tarotkort som redskaber til indsigt og personlig udvikling. Du er derfor i trygge h\u00e6nder \u2013 og samtidig i et rum, hvor der er plads til b\u00e5de leg og fordybelse.<\/p>\n\n\n\n<p>PRAKTISK INFORMATION:<\/p>\n\n\n\n<p>TID: 25. &amp; 26. oktober 2025, begge dage kl. 9.30\u201316.30<br>Sted: Ibjerget, Ibjergvej 12, 5792 \u00c5rslev<br>PRIS: 1.200 kr. (inkl. materialer, fri kaffe\/te. Du f\u00e5r din egen tegneblok p\u00e5 kurset)<br>TILMELDING: MobilePay 30297902 \u2013 skriv dit navn, mailadresse og \u201cTegneterapi\u201d<br>FRIST: Senest 20. oktober 2025 (bindende tilmelding)<br>ANTAL DELTAGERE: Min. 5, h\u00f8jst 12 personer (ved aflysning f\u00e5r du selvf\u00f8lgelig pengene retur)<\/p>\n\n\n\n<p>Er du klar til at arbejde terapeutisk med blyant og farver \u2013 og opdage dine skjulte talenter?<br>S\u00e5 er dette kursus lige noget for dig. Gl\u00e6der mig til at m\u00f8de dig, og at vi sammen f\u00e5r en fantastisk og magisk weekend sammen med fordybelse, farver og symboler. Velkommen p\u00e5 Ibjerget.<\/p>\n\n\n\n<p><\/p>\n\n\n\n<p><\/p>\n\n\n\n<p><\/p>\n\n\n\n<p><\/p>\n\n\n\n<p><strong>Tegneterapi og Sj\u00e6lsbilleder, kursus<\/strong><\/p>\n\n\n\n<p><\/p>\n\n\n\n<p>Kurset l\u00f8ber over en weekend: L\u00f8rdag kl. 9.00-17.30, s\u00f8ndag kl. 9.00-17.30. Der er gratis kaffe\/te, medbring selv madpakke samt tegnematerialer, se nedenfor. Kurset vil kun blive iv\u00e6rksat ved min. 7 deltagere og h\u00f8jst 18 deltagere.<\/p>\n\n\n\n<p>Jeg er uddannet billedkunstl\u00e6rer, men har sidel\u00f8bende, bl.a. som skolefe og AKT-l\u00e6rer samt private undervisningsforl\u00f8b, arbejdet med tegning og maling som terapi, som jeg har interesseret mig for, praktiseret og studeret b\u00e5de i forhold til b\u00f8rnetegninger og voksentegninger.<\/p>\n\n\n\n<p>Det er en sp\u00e6ndende m\u00e5de at udforske sin underbevidsthed p\u00e5. Det er muligt at komme s\u00e6rdeles dybt ned under overfladen ved at udtrykke sig p\u00e5 et stykke papir. Jeg har normalt ikke enkeltsessioner i tegneterapi, men jeg afholder kurser, hvor man l\u00e6rer b\u00e5de om kollektive symboler og l\u00e6rer at tolke sine egne individuelle symboler og udtryksformer. Vi vil arbejde med kommunikation med farver, og du f\u00e5r mulighed for at fremstille dit eget sj\u00e6lsbillede.<\/p>\n\n\n\n<p>Tegneterapi udbydes som holdundervisning 16 timer og koster 1.200 kr. incl. te og kaffe. Du skal selv medbringe blyanter (gerne med forskellig h\u00e5rdhed), viskel\u00e6der &#8211; og farveblyanter, Filiafarver el. lign. og akvarelfarver.<\/p>\n\n\n\n<p>Er du interesseret i at deltage p\u00e5 et hold, s\u00e5 henvend dig til mig sms 30297902 &#8211; og kender du andre interesserede som \u00f8nsker det samme, er du velkommen til at fort\u00e6lle om forl\u00f8bet, s\u00e5 vi kan samle et hold. Der vil l\u00f8bende komme forslag om tidspunkter for et tegneterapihold p\u00e5 hjemmesiden og andre medier.<\/p>\n\n\n\n<p>Lone Hvid<\/p>\n\n\n\n<figure class=\"wp-block-image size-medium is-resized\"><img loading=\"lazy\" decoding=\"async\" width=\"223\" height=\"300\" src=\"https:\/\/www.ibjerget.dk\/wp-content\/uploads\/2022\/01\/Tegning-af-sommerfugl-223x300.jpg\" alt=\"\" class=\"wp-image-427\" style=\"width:446px;height:600px\" srcset=\"https:\/\/www.ibjerget.dk\/wp-content\/uploads\/2022\/01\/Tegning-af-sommerfugl-223x300.jpg 223w, https:\/\/www.ibjerget.dk\/wp-content\/uploads\/2022\/01\/Tegning-af-sommerfugl-762x1024.jpg 762w, https:\/\/www.ibjerget.dk\/wp-content\/uploads\/2022\/01\/Tegning-af-sommerfugl-768x1032.jpg 768w, https:\/\/www.ibjerget.dk\/wp-content\/uploads\/2022\/01\/Tegning-af-sommerfugl.jpg 864w\" sizes=\"auto, (max-width: 223px) 100vw, 223px\" \/><\/figure>\n","protected":false},"excerpt":{"rendered":"<p>Slip fantasien l\u00f8s, leg med farver og symboler \u2013 og opdag sider af dig selv, du m\u00e5ske ikke vidste fandtes.Gennem tegning, farver og terapeutiske indsigter kan du b\u00e5de give slip p\u00e5 gamle m\u00f8nstre og opdage nye talenter, der har ligget&hellip; <\/p>\n","protected":false},"author":1,"featured_media":0,"parent":0,"menu_order":0,"comment_status":"closed","ping_status":"closed","template":"","meta":{"footnotes":""},"class_list":["post-222","page","type-page","status-publish","hentry"],"_links":{"self":[{"href":"https:\/\/www.ibjerget.dk\/index.php\/wp-json\/wp\/v2\/pages\/222","targetHints":{"allow":["GET"]}}],"collection":[{"href":"https:\/\/www.ibjerget.dk\/index.php\/wp-json\/wp\/v2\/pages"}],"about":[{"href":"https:\/\/www.ibjerget.dk\/index.php\/wp-json\/wp\/v2\/types\/page"}],"author":[{"embeddable":true,"href":"https:\/\/www.ibjerget.dk\/index.php\/wp-json\/wp\/v2\/users\/1"}],"replies":[{"embeddable":true,"href":"https:\/\/www.ibjerget.dk\/index.php\/wp-json\/wp\/v2\/comments?post=222"}],"version-history":[{"count":12,"href":"https:\/\/www.ibjerget.dk\/index.php\/wp-json\/wp\/v2\/pages\/222\/revisions"}],"predecessor-version":[{"id":913,"href":"https:\/\/www.ibjerget.dk\/index.php\/wp-json\/wp\/v2\/pages\/222\/revisions\/913"}],"wp:attachment":[{"href":"https:\/\/www.ibjerget.dk\/index.php\/wp-json\/wp\/v2\/media?parent=222"}],"curies":[{"name":"wp","href":"https:\/\/api.w.org\/{rel}","templated":true}]}}