{"id":23,"date":"2021-01-05T12:57:39","date_gmt":"2021-01-05T12:57:39","guid":{"rendered":"https:\/\/www.ibjerget.dk\/?page_id=23"},"modified":"2023-03-26T18:51:52","modified_gmt":"2023-03-26T18:51:52","slug":"niels","status":"publish","type":"page","link":"https:\/\/www.ibjerget.dk\/index.php\/niels\/","title":{"rendered":"Niels"},"content":{"rendered":"\n<figure class=\"wp-block-image size-large\"><img loading=\"lazy\" decoding=\"async\" width=\"250\" height=\"321\" src=\"https:\/\/www.ibjerget.dk\/wp-content\/uploads\/2021\/01\/Niels-4.png\" alt=\"\" class=\"wp-image-139\" srcset=\"https:\/\/www.ibjerget.dk\/wp-content\/uploads\/2021\/01\/Niels-4.png 250w, https:\/\/www.ibjerget.dk\/wp-content\/uploads\/2021\/01\/Niels-4-234x300.png 234w\" sizes=\"auto, (max-width: 250px) 100vw, 250px\" \/><\/figure>\n\n\n\n<p>Jeg har gennem mange \u00e5r uddannet mig i to retninger: Den h\u00e5rde organisatoriske med en BBA kombineret med coaching og psykologi p\u00e5 PD-niveau og den bl\u00f8dere del som NLP Master, Practitioner i Systemisk Teori, Healing, Shamanisme, Massage, Ansigtsterapi samt en r\u00e6kke andre terapiformer.<\/p>\n\n\n\n<p>En typisk behandling hos mig best\u00e5r i, at du fort\u00e6ller hvad du har af udfordringer. Det kan v\u00e6re fysiske eller psykiske udfordringer (tingene h\u00e6nger ofte sammen) eller det kan v\u00e6re organisatorisk du har brug for sparring. Derefter v\u00e6lger vi hvilken form for behandling du har brug for. En behandling varer typisk en time og koster 400 kr. Healingmassage og Hotstonemassege dog 500 kr.<\/p>\n\n\n\n<p><\/p>\n\n\n\n<p>Jeg tilbyder Ansigtsterapi, Krops- og psykoterapi, healingmassage og  hotstonemassage. <\/p>\n\n\n\n<p>Jeg er Elektro Hyper Sensitiv, s\u00e5 ingen smartwatch og mobilen skal v\u00e6re slukket eller som minimum p\u00e5 flytilstand n\u00e5r du kommer til behandling hos mig.<\/p>\n","protected":false},"excerpt":{"rendered":"<p>Jeg har gennem mange \u00e5r uddannet mig i to retninger: Den h\u00e5rde organisatoriske med en BBA kombineret med coaching og psykologi p\u00e5 PD-niveau og den bl\u00f8dere del som NLP Master, Practitioner i Systemisk Teori, Healing, Shamanisme, Massage, Ansigtsterapi samt en&hellip; <\/p>\n","protected":false},"author":1,"featured_media":0,"parent":0,"menu_order":0,"comment_status":"closed","ping_status":"closed","template":"","meta":{"footnotes":""},"class_list":["post-23","page","type-page","status-publish","hentry"],"_links":{"self":[{"href":"https:\/\/www.ibjerget.dk\/index.php\/wp-json\/wp\/v2\/pages\/23","targetHints":{"allow":["GET"]}}],"collection":[{"href":"https:\/\/www.ibjerget.dk\/index.php\/wp-json\/wp\/v2\/pages"}],"about":[{"href":"https:\/\/www.ibjerget.dk\/index.php\/wp-json\/wp\/v2\/types\/page"}],"author":[{"embeddable":true,"href":"https:\/\/www.ibjerget.dk\/index.php\/wp-json\/wp\/v2\/users\/1"}],"replies":[{"embeddable":true,"href":"https:\/\/www.ibjerget.dk\/index.php\/wp-json\/wp\/v2\/comments?post=23"}],"version-history":[{"count":29,"href":"https:\/\/www.ibjerget.dk\/index.php\/wp-json\/wp\/v2\/pages\/23\/revisions"}],"predecessor-version":[{"id":723,"href":"https:\/\/www.ibjerget.dk\/index.php\/wp-json\/wp\/v2\/pages\/23\/revisions\/723"}],"wp:attachment":[{"href":"https:\/\/www.ibjerget.dk\/index.php\/wp-json\/wp\/v2\/media?parent=23"}],"curies":[{"name":"wp","href":"https:\/\/api.w.org\/{rel}","templated":true}]}}