{"id":265,"date":"2021-04-21T11:10:38","date_gmt":"2021-04-21T11:10:38","guid":{"rendered":"https:\/\/www.ibjerget.dk\/?page_id=265"},"modified":"2021-08-10T17:26:41","modified_gmt":"2021-08-10T17:26:41","slug":"voelvehealing","status":"publish","type":"page","link":"https:\/\/www.ibjerget.dk\/index.php\/voelvehealing\/","title":{"rendered":"V\u00f8lvehealing"},"content":{"rendered":"\n<p>V\u00f8lvehealing kan minde om en dyb form for meditativ tilstand, som krop og psyke s\u00e6ttes i ved hj\u00e6lp af lyde fra b\u00e5de stemme og instrumenter. Ofte er v\u00f8lvehealing forbundet med, at flere shamaner arbejder sammen om en klient, s\u00e5 der er mange lyde samtidig. Jeg arbejder dog alene (det andet bliver for dyrt for klienten), men har fundet metoder og v\u00e6rkt\u00f8jer, der kan yde (n\u00e6sten) samme resultater.<\/p>\n\n\n\n<p>V\u00f8lvehealing er en fantastisk lydmeditativ tilstand, hvor &#8220;alt kan ske&#8221; til dit h\u00f8jeste gode, og hvor det, der begr\u00e6nser dig, f\u00e5r mulighed for at give slip. I denne proces arbejder jeg med at tilkalde de guddommelige kr\u00e6fter, som er i overensstemmelse med din tro og\/eller overbevisninger. Vi starter derfor med en afklarende samtale og herunder aftales, hvilke kr\u00e6fter jeg skal tilkalde. Det kan fx v\u00e6re engle, kraftdyr, guder eller gudinder. Som shaman indleder jeg v\u00f8lvehealingen med at tilkalde disse v\u00e6sener med trommelyde. Jeg arbejder kun med de kr\u00e6fter, som arbejder for det h\u00f8jeste gode.<\/p>\n\n\n\n<p>Du skal v\u00e6re forberedt p\u00e5, at ikke alle lyde er smukke og klangfulde, for hvis der skal frig\u00f8res d\u00e5rlige energier, kan lydene v\u00e6re snerrende, kraftfuldt vibrerende, m\u00e6rkelige, dyrelyde mv., altsammen for at frig\u00f8re de energier, der holder dig tilbage, skader dig eller er bundet i kroppen. Du skal bare slappe af og give energierne lov til at frig\u00f8re de ting, du b\u00e6rer rundt p\u00e5, som hindrer dig i at leve dit liv, som du gerne vil. Det kan v\u00e6re, at du under healingen genoplever  situationer, hvorfra blokeringerne er opst\u00e5et, og s\u00e5 kan du give slip p\u00e5 alt det, du ikke beh\u00f8ver l\u00e6ngere. Derefter l\u00e6gger vi sammen gode energier ind der, hvor de andre blev frigjort.<\/p>\n\n\n\n<p>Eksempler p\u00e5 anvendte instrumenter er trommer, en stor gong, rasle, fl\u00f8jte, syngesk\u00e5le og brug af egen stemme.<\/p>\n\n\n\n<p>V\u00f8lvehealing varer ca. 1 time og koster 700 kr.<\/p>\n","protected":false},"excerpt":{"rendered":"<p>V\u00f8lvehealing kan minde om en dyb form for meditativ tilstand, som krop og psyke s\u00e6ttes i ved hj\u00e6lp af lyde fra b\u00e5de stemme og instrumenter. Ofte er v\u00f8lvehealing forbundet med, at flere shamaner arbejder sammen om en klient, s\u00e5 der&hellip; <\/p>\n","protected":false},"author":1,"featured_media":0,"parent":0,"menu_order":0,"comment_status":"closed","ping_status":"closed","template":"","meta":{"footnotes":""},"class_list":["post-265","page","type-page","status-publish","hentry"],"_links":{"self":[{"href":"https:\/\/www.ibjerget.dk\/index.php\/wp-json\/wp\/v2\/pages\/265","targetHints":{"allow":["GET"]}}],"collection":[{"href":"https:\/\/www.ibjerget.dk\/index.php\/wp-json\/wp\/v2\/pages"}],"about":[{"href":"https:\/\/www.ibjerget.dk\/index.php\/wp-json\/wp\/v2\/types\/page"}],"author":[{"embeddable":true,"href":"https:\/\/www.ibjerget.dk\/index.php\/wp-json\/wp\/v2\/users\/1"}],"replies":[{"embeddable":true,"href":"https:\/\/www.ibjerget.dk\/index.php\/wp-json\/wp\/v2\/comments?post=265"}],"version-history":[{"count":7,"href":"https:\/\/www.ibjerget.dk\/index.php\/wp-json\/wp\/v2\/pages\/265\/revisions"}],"predecessor-version":[{"id":303,"href":"https:\/\/www.ibjerget.dk\/index.php\/wp-json\/wp\/v2\/pages\/265\/revisions\/303"}],"wp:attachment":[{"href":"https:\/\/www.ibjerget.dk\/index.php\/wp-json\/wp\/v2\/media?parent=265"}],"curies":[{"name":"wp","href":"https:\/\/api.w.org\/{rel}","templated":true}]}}