{"id":364,"date":"2021-10-04T19:34:45","date_gmt":"2021-10-04T19:34:45","guid":{"rendered":"https:\/\/www.ibjerget.dk\/?page_id=364"},"modified":"2021-10-05T08:04:11","modified_gmt":"2021-10-05T08:04:11","slug":"droemmetydning","status":"publish","type":"page","link":"https:\/\/www.ibjerget.dk\/index.php\/droemmetydning\/","title":{"rendered":"Dr\u00f8mmetydning, kursus"},"content":{"rendered":"\n<p>Jeg har med baggrund i mange \u00e5rs interesse, og en PD i psykologi undervist i dr\u00f8mmetydning p\u00e5 aftenskole med udgangspunkt i symboltolkning ud fra C.G. Jung og hans kollektive ubevidste m.fl. Du beh\u00f8ver ikke p\u00e5 forh\u00e5nd at medbringe eksempler p\u00e5 egne dr\u00f8mme, da vi b\u00e5de henter symboler fra meditationer og arbejder med symbolerne p\u00e5 mange teoretiske plan. Du vil ogs\u00e5 l\u00e6re, hvordan man bedst husker sine dr\u00f8mme. Vi inddrager ogs\u00e5 symboler fra Tarotkort og dr\u00f8mmeb\u00f8ger, men det vigtigste er DIN forst\u00e5else af DINE symboler, og netop dette udgangspunkt er det vigtigste for at forst\u00e5 dr\u00f8mme p\u00e5 den mest personlige m\u00e5de.<\/p>\n\n\n\n<p>8 x 2 timer. <\/p>\n\n\n\n<p>Pris: 1.200 kr. Min. 7 deltagere.<\/p>\n\n\n\n<p>Der vil blive annonceret kurser her p\u00e5 hjemmesiden og p\u00e5 andre medier, men kan du samle 7 personer, tilpasser jeg et kursus til jer, enten som weekendkursus eller et l\u00f8bende kursus.<\/p>\n\n\n\n<p>Lone Hvid<\/p>\n","protected":false},"excerpt":{"rendered":"<p>Jeg har med baggrund i mange \u00e5rs interesse, og en PD i psykologi undervist i dr\u00f8mmetydning p\u00e5 aftenskole med udgangspunkt i symboltolkning ud fra C.G. Jung og hans kollektive ubevidste m.fl. Du beh\u00f8ver ikke p\u00e5 forh\u00e5nd at medbringe eksempler p\u00e5&hellip; <\/p>\n","protected":false},"author":1,"featured_media":0,"parent":0,"menu_order":0,"comment_status":"closed","ping_status":"closed","template":"","meta":{"footnotes":""},"class_list":["post-364","page","type-page","status-publish","hentry"],"_links":{"self":[{"href":"https:\/\/www.ibjerget.dk\/index.php\/wp-json\/wp\/v2\/pages\/364","targetHints":{"allow":["GET"]}}],"collection":[{"href":"https:\/\/www.ibjerget.dk\/index.php\/wp-json\/wp\/v2\/pages"}],"about":[{"href":"https:\/\/www.ibjerget.dk\/index.php\/wp-json\/wp\/v2\/types\/page"}],"author":[{"embeddable":true,"href":"https:\/\/www.ibjerget.dk\/index.php\/wp-json\/wp\/v2\/users\/1"}],"replies":[{"embeddable":true,"href":"https:\/\/www.ibjerget.dk\/index.php\/wp-json\/wp\/v2\/comments?post=364"}],"version-history":[{"count":3,"href":"https:\/\/www.ibjerget.dk\/index.php\/wp-json\/wp\/v2\/pages\/364\/revisions"}],"predecessor-version":[{"id":387,"href":"https:\/\/www.ibjerget.dk\/index.php\/wp-json\/wp\/v2\/pages\/364\/revisions\/387"}],"wp:attachment":[{"href":"https:\/\/www.ibjerget.dk\/index.php\/wp-json\/wp\/v2\/media?parent=364"}],"curies":[{"name":"wp","href":"https:\/\/api.w.org\/{rel}","templated":true}]}}