{"id":367,"date":"2021-10-04T19:47:23","date_gmt":"2021-10-04T19:47:23","guid":{"rendered":"https:\/\/www.ibjerget.dk\/?page_id=367"},"modified":"2021-10-05T08:13:23","modified_gmt":"2021-10-05T08:13:23","slug":"eventyrterapi","status":"publish","type":"page","link":"https:\/\/www.ibjerget.dk\/index.php\/eventyrterapi\/","title":{"rendered":"Eventyrterapi, kursus"},"content":{"rendered":"\n<p>Jeg har som tidligere danskl\u00e6rer lavet opgave omkring eventyrvisdom og har holdt foredrag og undervisning heri. Det er et sp\u00e6ndende kapitel i vores historie og baggrund, ogs\u00e5 samfundsm\u00e6ssigt set. Vi g\u00e5r i dybden med symbolikken i de gamle folkeeventyr, og med det som udgangspunkt l\u00e6rer du at forfatte dine egne sm\u00e5 eventyr fra dit liv, og dermed kan du forl\u00f8se mange gamle traumatiske oplevelser. Du l\u00e6rer ogs\u00e5, hvordan forskellige traumer fra dit eget liv kan blive indsigtsfuld viden, der ligger gemt bagved oplevelserne. Du l\u00e6rer ogs\u00e5 at kende forskel p\u00e5 folkeeventyr og kunsteventyr, og hvilken betydning det har for den visdom, der kan v\u00e6re gemt i eventyrene. Du kommer til at arbejde med din egen livslinje og de modstande og mennesker, der har f\u00e5et betydning for dig i dit liv. Et sp\u00e6ndende kursus med mange muligheder for kreativitet og at finde sin egen dybe forst\u00e5else af h\u00e6ndelser i sit liv.<\/p>\n\n\n\n<p>8 x 2 timer. Min. 7 deltagere. Pris: 1.200 kr. Medbring selv skriveblok og skriveredskaber. Annoncering sker p\u00e5 hjemmesiden og forskellige medier, men kan du samle 7 personer, laver jeg gerne et forl\u00f8b for jer, enten p\u00e5 weekendbasis eller l\u00f8bende.<\/p>\n\n\n\n<p>Lone Hvid<\/p>\n","protected":false},"excerpt":{"rendered":"<p>Jeg har som tidligere danskl\u00e6rer lavet opgave omkring eventyrvisdom og har holdt foredrag og undervisning heri. Det er et sp\u00e6ndende kapitel i vores historie og baggrund, ogs\u00e5 samfundsm\u00e6ssigt set. Vi g\u00e5r i dybden med symbolikken i de gamle folkeeventyr, og&hellip; <\/p>\n","protected":false},"author":1,"featured_media":0,"parent":0,"menu_order":0,"comment_status":"closed","ping_status":"closed","template":"","meta":{"footnotes":""},"class_list":["post-367","page","type-page","status-publish","hentry"],"_links":{"self":[{"href":"https:\/\/www.ibjerget.dk\/index.php\/wp-json\/wp\/v2\/pages\/367","targetHints":{"allow":["GET"]}}],"collection":[{"href":"https:\/\/www.ibjerget.dk\/index.php\/wp-json\/wp\/v2\/pages"}],"about":[{"href":"https:\/\/www.ibjerget.dk\/index.php\/wp-json\/wp\/v2\/types\/page"}],"author":[{"embeddable":true,"href":"https:\/\/www.ibjerget.dk\/index.php\/wp-json\/wp\/v2\/users\/1"}],"replies":[{"embeddable":true,"href":"https:\/\/www.ibjerget.dk\/index.php\/wp-json\/wp\/v2\/comments?post=367"}],"version-history":[{"count":4,"href":"https:\/\/www.ibjerget.dk\/index.php\/wp-json\/wp\/v2\/pages\/367\/revisions"}],"predecessor-version":[{"id":391,"href":"https:\/\/www.ibjerget.dk\/index.php\/wp-json\/wp\/v2\/pages\/367\/revisions\/391"}],"wp:attachment":[{"href":"https:\/\/www.ibjerget.dk\/index.php\/wp-json\/wp\/v2\/media?parent=367"}],"curies":[{"name":"wp","href":"https:\/\/api.w.org\/{rel}","templated":true}]}}