{"id":395,"date":"2021-10-27T14:50:50","date_gmt":"2021-10-27T14:50:50","guid":{"rendered":"https:\/\/www.ibjerget.dk\/?page_id=395"},"modified":"2025-08-13T19:32:37","modified_gmt":"2025-08-13T19:32:37","slug":"hot-stone-massage","status":"publish","type":"page","link":"https:\/\/www.ibjerget.dk\/index.php\/hot-stone-massage\/","title":{"rendered":"Hot stone massage"},"content":{"rendered":"\n<figure class=\"wp-block-image\"><img decoding=\"async\" src=\"https:\/\/turn2massage.com\/wp-content\/uploads\/2016\/04\/hot-stone-massage-300x258.jpg\" alt=\"https:\/\/turn2massage.com\/wp-content\/uploads\/2016\/04\/hot-stone-massage-300x258.jpg\"\/><\/figure>\n\n\n\n<p>Denne massage er absolut selvfork\u00e6lelse. <\/p>\n\n\n\n<p>Du f\u00e5r en massage med de varme lavasten, der giver dyb afsp\u00e6nding i musklerne &#8211; og dermed ogs\u00e5 dit sind, s\u00e5 stress og sp\u00e6ndinger opl\u00f8ses og erstattes af en indre ro og velv\u00e6re.<\/p>\n\n\n\n<p>Massagen med olie og varme sten varer ca. 50 minutter og bliver efterfulgt af 15 minutter, hvor du ligger med varme sten p\u00e5 ryggen og slapper dybt af. I alt 65 minutter.<\/p>\n\n\n\n<p>Det er en behandling, der p\u00e5 en yderst behagelig m\u00e5de giver dig ro b\u00e5de i kroppen og i dit sind. Det er fantastisk, hvilken virkning de varme sten har p\u00e5 kroppens muskler. Det kan virke overraskende, hvad der sker i kroppen, n\u00e5r de varme vulkansten bliver brugt som massagesten. Kroppen bliver udrenset, lymfev\u00e6sken i kroppen bliver aktiveret, og blodet pulserer mere aktivt igennem alle muskler. <\/p>\n\n\n\n<p>Yderligere er der den psykiske side af behandlingen. Vi mennesker har det med at &#8220;gemme&#8221; oplevelser i kroppen, specielt dem, vi ikke syntes har v\u00e6ret s\u00e5 sjove. Det skaber manglende generel energi til r\u00e5dighed, fordi musklerne til en vis grad blokeres af de gemte oplevelser\/traumer, s\u00e5 der skal bruges mere energi i kroppen end n\u00f8dvendigt. N\u00e5r musklerne masseres &#8211; og specielt n\u00e5r de masseres med de varme lavasten &#8211; har dette psykiske materiale mulighed for at frig\u00f8res. Det kan betyde, at du dagen efter massagen kan f\u00f8le dig mere tr\u00e6t (du kan ogs\u00e5 kalde det afslappet), eller du f\u00e5r dr\u00f8mme, der handler om det materiale, der frig\u00f8res. Alt sammen en proces, der hj\u00e6lper dig til mere generel energi i dit liv.<\/p>\n\n\n\n<p>Det er godt at drikke godt med vand eller urtete efter behandlingen.<\/p>\n\n\n\n<p>Pris: 500 kr.<\/p>\n\n\n\n<p>Mass\u00f8r og terapeut Niels Boye<\/p>\n","protected":false},"excerpt":{"rendered":"<p>Denne massage er absolut selvfork\u00e6lelse. Du f\u00e5r en massage med de varme lavasten, der giver dyb afsp\u00e6nding i musklerne &#8211; og dermed ogs\u00e5 dit sind, s\u00e5 stress og sp\u00e6ndinger opl\u00f8ses og erstattes af en indre ro og velv\u00e6re. Massagen med&hellip; <\/p>\n","protected":false},"author":1,"featured_media":0,"parent":0,"menu_order":0,"comment_status":"closed","ping_status":"closed","template":"","meta":{"footnotes":""},"class_list":["post-395","page","type-page","status-publish","hentry"],"_links":{"self":[{"href":"https:\/\/www.ibjerget.dk\/index.php\/wp-json\/wp\/v2\/pages\/395","targetHints":{"allow":["GET"]}}],"collection":[{"href":"https:\/\/www.ibjerget.dk\/index.php\/wp-json\/wp\/v2\/pages"}],"about":[{"href":"https:\/\/www.ibjerget.dk\/index.php\/wp-json\/wp\/v2\/types\/page"}],"author":[{"embeddable":true,"href":"https:\/\/www.ibjerget.dk\/index.php\/wp-json\/wp\/v2\/users\/1"}],"replies":[{"embeddable":true,"href":"https:\/\/www.ibjerget.dk\/index.php\/wp-json\/wp\/v2\/comments?post=395"}],"version-history":[{"count":5,"href":"https:\/\/www.ibjerget.dk\/index.php\/wp-json\/wp\/v2\/pages\/395\/revisions"}],"predecessor-version":[{"id":911,"href":"https:\/\/www.ibjerget.dk\/index.php\/wp-json\/wp\/v2\/pages\/395\/revisions\/911"}],"wp:attachment":[{"href":"https:\/\/www.ibjerget.dk\/index.php\/wp-json\/wp\/v2\/media?parent=395"}],"curies":[{"name":"wp","href":"https:\/\/api.w.org\/{rel}","templated":true}]}}