{"id":416,"date":"2021-12-07T19:17:23","date_gmt":"2021-12-07T19:17:23","guid":{"rendered":"https:\/\/www.ibjerget.dk\/?page_id=416"},"modified":"2024-07-29T18:03:49","modified_gmt":"2024-07-29T18:03:49","slug":"coaching","status":"publish","type":"page","link":"https:\/\/www.ibjerget.dk\/index.php\/coaching\/","title":{"rendered":"Coaching"},"content":{"rendered":"\n<p>Selv om jeg er uddannet til at arbejde med store organisationer, er det ikke der, jeg har min force. Det, jeg er god til, er den personlige afklaring, hvor vi ser p\u00e5 dine dilemmaer, din planer \u2013 holder de, hvor ligger dine styrker og svagheder, hvad sp\u00e6nder ben for dine planer.<\/p>\n\n\n\n<p>N\u00e5r jeg alligevel lister min faglige baggrund op, er det fordi jeg finder det vigtigt, at jeg som coach ikke bare ved, hvordan mennesker fungerer, men ogs\u00e5 kender til de strukturer i samfundet vi mere eller mindre er underlagt.<\/p>\n\n\n\n<p>Selv om det er et absolut no go i en traditionel coachingsamtale, bruger jeg i h\u00f8j grad min indf\u00f8lingsevne og intuition. Ikke til at give dig svarene, for dem m\u00e5 du selv finde, men til at stille de rigtige sp\u00f8rgsm\u00e5l.<\/p>\n\n\n\n<p>Alene det at s\u00e6tte ord p\u00e5 sine dr\u00f8mme, sine dilemmaer eller mere konkrete planer over for et andet menneske er i sig selv en vigtig proces i forhold til at blive mere afklaret. Som coach er jeg uddannet til at stille de rigtige sp\u00f8rgsm\u00e5l og i at strukturere dine tanker og f\u00f8lelser. Det er ofte en n\u00f8dvendig proces for at kunne realisere din dr\u00f8m.<\/p>\n\n\n\n<p>Min uddannelsesm\u00e6ssige baggrund her er<\/p>\n\n\n\n<p>Merkonomlinjerne Personaleadministration, Organisation og Personaleudvikling<\/p>\n\n\n\n<p>Coaching i organisationer (enkeltfag, merkonomniveau)<\/p>\n\n\n\n<p>Diplomuddannelsen for merkonomer (BBA-niveau) incl. faget organisationsudvikling<\/p>\n\n\n\n<p>Psykologi p\u00e5 PD-niveau incl. faget organisationspsykologi<\/p>\n\n\n\n<p>NLP Master<\/p>\n\n\n\n<p>Pracitioner i systemisk teori<\/p>\n\n\n\n<p><\/p>\n\n\n\n<p>Timepris 500 kr.<\/p>\n\n\n\n<p>Kontakt Niels Boye p\u00e5 66 15 79 02 eller <a href=\"mailto:niels@ibjerget.dk\">niels@ibjerget.dk<\/a><\/p>\n\n\n\n<p><\/p>\n","protected":false},"excerpt":{"rendered":"<p>Selv om jeg er uddannet til at arbejde med store organisationer, er det ikke der, jeg har min force. Det, jeg er god til, er den personlige afklaring, hvor vi ser p\u00e5 dine dilemmaer, din planer \u2013 holder de, hvor&hellip; <\/p>\n","protected":false},"author":1,"featured_media":0,"parent":0,"menu_order":0,"comment_status":"closed","ping_status":"closed","template":"","meta":{"footnotes":""},"class_list":["post-416","page","type-page","status-publish","hentry"],"_links":{"self":[{"href":"https:\/\/www.ibjerget.dk\/index.php\/wp-json\/wp\/v2\/pages\/416","targetHints":{"allow":["GET"]}}],"collection":[{"href":"https:\/\/www.ibjerget.dk\/index.php\/wp-json\/wp\/v2\/pages"}],"about":[{"href":"https:\/\/www.ibjerget.dk\/index.php\/wp-json\/wp\/v2\/types\/page"}],"author":[{"embeddable":true,"href":"https:\/\/www.ibjerget.dk\/index.php\/wp-json\/wp\/v2\/users\/1"}],"replies":[{"embeddable":true,"href":"https:\/\/www.ibjerget.dk\/index.php\/wp-json\/wp\/v2\/comments?post=416"}],"version-history":[{"count":2,"href":"https:\/\/www.ibjerget.dk\/index.php\/wp-json\/wp\/v2\/pages\/416\/revisions"}],"predecessor-version":[{"id":889,"href":"https:\/\/www.ibjerget.dk\/index.php\/wp-json\/wp\/v2\/pages\/416\/revisions\/889"}],"wp:attachment":[{"href":"https:\/\/www.ibjerget.dk\/index.php\/wp-json\/wp\/v2\/media?parent=416"}],"curies":[{"name":"wp","href":"https:\/\/api.w.org\/{rel}","templated":true}]}}