{"id":495,"date":"2022-07-20T12:20:25","date_gmt":"2022-07-20T12:20:25","guid":{"rendered":"https:\/\/www.ibjerget.dk\/?page_id=495"},"modified":"2022-07-20T15:37:01","modified_gmt":"2022-07-20T15:37:01","slug":"hvem-er-jeg-wip","status":"publish","type":"page","link":"https:\/\/www.ibjerget.dk\/index.php\/hvem-er-jeg-wip\/","title":{"rendered":"Hvem er jeg"},"content":{"rendered":"\n<p>Mit navn er Johan Boye. Jeg er 30 \u00e5r gammel og uddannet ved Hypnosehuset Danmark i Vejle.<\/p>\n\n\n\n<p>Jeg har gennem mange \u00e5r interesseret mig for, og s\u00f8gt at l\u00e6re mere om menneskets potentiale, samt hvordan krop og sind arbejder sammen. Jeg er altid nysgerrig og interesseret i at l\u00e6re mere om det underbevidste sind, og hvordan jeg bedre kan hj\u00e6lpe mennesker med at genvinde deres helbred samt at opn\u00e5 deres fulde potentiale. <\/p>\n\n\n\n<p>Det giver sig ogs\u00e5 udtryk i den m\u00e5de jeg laver terapi p\u00e5, da jeg s\u00f8ger at forst\u00e5 det fulde billede, og at g\u00f8re brug af alle de redskaber jeg kender til for at hj\u00e6lpe klienten med at f\u00e5 mest muligt ud af sit liv. <\/p>\n\n\n\n<p>Jeg har en st\u00e6rk v\u00e6rdi om aldrig at g\u00f8re noget mod andres vilje, hvilket i h\u00f8j grad afspejler sig i terapien som er et samarbejde fra start til slut. <\/p>\n","protected":false},"excerpt":{"rendered":"<p>Mit navn er Johan Boye. Jeg er 30 \u00e5r gammel og uddannet ved Hypnosehuset Danmark i Vejle. Jeg har gennem mange \u00e5r interesseret mig for, og s\u00f8gt at l\u00e6re mere om menneskets potentiale, samt hvordan krop og sind arbejder sammen.&hellip; <\/p>\n","protected":false},"author":1,"featured_media":0,"parent":0,"menu_order":0,"comment_status":"closed","ping_status":"closed","template":"","meta":{"footnotes":""},"class_list":["post-495","page","type-page","status-publish","hentry"],"_links":{"self":[{"href":"https:\/\/www.ibjerget.dk\/index.php\/wp-json\/wp\/v2\/pages\/495","targetHints":{"allow":["GET"]}}],"collection":[{"href":"https:\/\/www.ibjerget.dk\/index.php\/wp-json\/wp\/v2\/pages"}],"about":[{"href":"https:\/\/www.ibjerget.dk\/index.php\/wp-json\/wp\/v2\/types\/page"}],"author":[{"embeddable":true,"href":"https:\/\/www.ibjerget.dk\/index.php\/wp-json\/wp\/v2\/users\/1"}],"replies":[{"embeddable":true,"href":"https:\/\/www.ibjerget.dk\/index.php\/wp-json\/wp\/v2\/comments?post=495"}],"version-history":[{"count":3,"href":"https:\/\/www.ibjerget.dk\/index.php\/wp-json\/wp\/v2\/pages\/495\/revisions"}],"predecessor-version":[{"id":534,"href":"https:\/\/www.ibjerget.dk\/index.php\/wp-json\/wp\/v2\/pages\/495\/revisions\/534"}],"wp:attachment":[{"href":"https:\/\/www.ibjerget.dk\/index.php\/wp-json\/wp\/v2\/media?parent=495"}],"curies":[{"name":"wp","href":"https:\/\/api.w.org\/{rel}","templated":true}]}}