{"id":512,"date":"2022-07-20T13:38:26","date_gmt":"2022-07-20T13:38:26","guid":{"rendered":"https:\/\/www.ibjerget.dk\/?page_id=512"},"modified":"2022-07-20T15:42:46","modified_gmt":"2022-07-20T15:42:46","slug":"hvordan-foregaar-en-session","status":"publish","type":"page","link":"https:\/\/www.ibjerget.dk\/index.php\/hvordan-foregaar-en-session\/","title":{"rendered":"Hvordan foreg\u00e5r en session"},"content":{"rendered":"\n<p>Du m\u00f8der op p\u00e5 adressen, vi sidder og tager en kort samtale om hvad problemet drejer sig om, og hvad du gerne vil opn\u00e5. Dern\u00e6st bliver du bedt om at l\u00e6gge dig tilbage i en behagelig l\u00e6nestol og guidet ind i et smukt og fredeligt naturomr\u00e5de, hvor vi i et roligt tempo finder frem til de problematikker der skal arbejdes med.<\/p>\n\n\n\n<p>Hvilke processer vi g\u00e5r ind i vil variere rigtig meget med den problemstilling vi arbejder med, samt hvordan dit individuelle sind er sat sammen.<\/p>\n","protected":false},"excerpt":{"rendered":"<p>Du m\u00f8der op p\u00e5 adressen, vi sidder og tager en kort samtale om hvad problemet drejer sig om, og hvad du gerne vil opn\u00e5. Dern\u00e6st bliver du bedt om at l\u00e6gge dig tilbage i en behagelig l\u00e6nestol og guidet ind&hellip; <\/p>\n","protected":false},"author":1,"featured_media":0,"parent":0,"menu_order":0,"comment_status":"closed","ping_status":"closed","template":"","meta":{"footnotes":""},"class_list":["post-512","page","type-page","status-publish","hentry"],"_links":{"self":[{"href":"https:\/\/www.ibjerget.dk\/index.php\/wp-json\/wp\/v2\/pages\/512","targetHints":{"allow":["GET"]}}],"collection":[{"href":"https:\/\/www.ibjerget.dk\/index.php\/wp-json\/wp\/v2\/pages"}],"about":[{"href":"https:\/\/www.ibjerget.dk\/index.php\/wp-json\/wp\/v2\/types\/page"}],"author":[{"embeddable":true,"href":"https:\/\/www.ibjerget.dk\/index.php\/wp-json\/wp\/v2\/users\/1"}],"replies":[{"embeddable":true,"href":"https:\/\/www.ibjerget.dk\/index.php\/wp-json\/wp\/v2\/comments?post=512"}],"version-history":[{"count":2,"href":"https:\/\/www.ibjerget.dk\/index.php\/wp-json\/wp\/v2\/pages\/512\/revisions"}],"predecessor-version":[{"id":528,"href":"https:\/\/www.ibjerget.dk\/index.php\/wp-json\/wp\/v2\/pages\/512\/revisions\/528"}],"wp:attachment":[{"href":"https:\/\/www.ibjerget.dk\/index.php\/wp-json\/wp\/v2\/media?parent=512"}],"curies":[{"name":"wp","href":"https:\/\/api.w.org\/{rel}","templated":true}]}}