{"id":58,"date":"2021-01-09T10:44:29","date_gmt":"2021-01-09T10:44:29","guid":{"rendered":"https:\/\/www.ibjerget.dk\/?page_id=58"},"modified":"2022-10-05T20:52:44","modified_gmt":"2022-10-05T20:52:44","slug":"lone","status":"publish","type":"page","link":"https:\/\/www.ibjerget.dk\/index.php\/lone\/","title":{"rendered":"Lone"},"content":{"rendered":"\n<figure class=\"wp-block-image size-large\"><img loading=\"lazy\" decoding=\"async\" width=\"279\" height=\"391\" src=\"https:\/\/www.ibjerget.dk\/wp-content\/uploads\/2021\/02\/billede.png\" alt=\"\" class=\"wp-image-167\" srcset=\"https:\/\/www.ibjerget.dk\/wp-content\/uploads\/2021\/02\/billede.png 279w, https:\/\/www.ibjerget.dk\/wp-content\/uploads\/2021\/02\/billede-214x300.png 214w\" sizes=\"auto, (max-width: 279px) 100vw, 279px\" \/><\/figure>\n\n\n\n<p><strong>Lone Hvid<\/strong><\/p>\n\n\n\n<p>Tidligere folkeskolel\u00e6rer, herunder flere \u00e5rs erfaringer med AKT og v\u00e6ret skolefe i Kerteminde Kommune.<\/p>\n\n\n\n<p>Uddannet voksenunderviser, og har arbejdet i flere \u00e5r som dagh\u00f8jskolel\u00e6rer og l\u00e6rer p\u00e5 Odense Tekniske Skole samt foredragsholder.<\/p>\n\n\n\n<p>Certificeret hypnoterapeut fra Hypnosehuset Danmark, Vejle.<\/p>\n\n\n\n<p>3-\u00e5rig NLP-uddannelse<\/p>\n\n\n\n<p>PD i psykologi<\/p>\n\n\n\n<p>L\u00e6reruddannelse, voksenunderviseruddannelse samt AKT-forl\u00f8b p\u00e5 Odense Seminarium<\/p>\n\n\n\n<p>Uddannet shaman fra Shamanhulen, Glamsbjerg<\/p>\n\n\n\n<p>Tidligere mass\u00f8r og psykoterapeut igennem mange \u00e5r i eget familiefirma, Odense Naturbehandling. Opdagede i 2021 hvilken fantastisk virkning hot stone massage har p\u00e5 kroppen og har siden denne oplevelse v\u00e6ret optaget af at kunne give de oplevelser videre til andre som del af mine behandlinger.<\/p>\n\n\n\n<p>Tarotkortterapeut og tegne-\/maleterapeut.<\/p>\n\n\n\n<p>Foredrags- og kursusforl\u00f8b inden for personlig udvikling<\/p>\n\n\n\n<p>Erfaringer b\u00e5de med b\u00f8rn og voksne, b\u00e5de som l\u00e6rer og som terapeut. <\/p>\n\n\n\n<p>Min vinkling til b\u00e5de hypnose og andre terapier er at v\u00e6re med til at frig\u00f8re mennesker af deres traumer, og at v\u00e6re med til at forl\u00f8se de \u00e5rsager, der holder mennesker tilbage i deres liv, n\u00e5r de ikke f\u00e5r det optimale ud af livet, at mennesker kan opleve gl\u00e6de og spontanitet, n\u00e6rv\u00e6r med andre og f\u00e5r mod til at kaste sig ud i de omr\u00e5der af livet, som de har dr\u00f8mt om, men ikke turdet at se som muligt for dem. Og ikke mindst: At b\u00f8rn f\u00e5r de optimale betingelser for grobund for et godt liv, uden angst og frygt.<\/p>\n\n\n\n<p>Erfaring med hypnose b\u00e5de med b\u00f8rn og voksne.<\/p>\n\n\n\n<p>Lone er forfatter og udgiver spirituelle b\u00f8ger. Se mere p\u00e5 <a href=\"https:\/\/www.goldeneagle.dk\/\">https:\/\/www.goldeneagle.dk\/<\/a><\/p>\n\n\n\n<p>Lone har i flere \u00e5r v\u00e6ret pr\u00e6stinde i Wiccagruppen Hvide Ravn, hvis du er interesseret heri, s\u00e5 tag kontakt til Lone. <\/p>\n\n\n\n<p>Lone afholder fuldm\u00e5neceremonier, der er \u00e5bne for alle. Se n\u00e6rmere under arrangementer.<\/p>\n\n\n\n<p>Lone arbejder ogs\u00e5 kunstnerisk, bl.a. med n\u00e5lefiltede billeder i uld og silke, og afholder af og til udstillinger og salgsstande.<\/p>\n\n\n\n<p><\/p>\n\n\n\n<p><\/p>\n\n\n\n<p><\/p>\n","protected":false},"excerpt":{"rendered":"<p>Lone Hvid Tidligere folkeskolel\u00e6rer, herunder flere \u00e5rs erfaringer med AKT og v\u00e6ret skolefe i Kerteminde Kommune. Uddannet voksenunderviser, og har arbejdet i flere \u00e5r som dagh\u00f8jskolel\u00e6rer og l\u00e6rer p\u00e5 Odense Tekniske Skole samt foredragsholder. Certificeret hypnoterapeut fra Hypnosehuset Danmark, Vejle.&hellip; <\/p>\n","protected":false},"author":1,"featured_media":0,"parent":0,"menu_order":0,"comment_status":"closed","ping_status":"closed","template":"","meta":{"footnotes":""},"class_list":["post-58","page","type-page","status-publish","hentry"],"_links":{"self":[{"href":"https:\/\/www.ibjerget.dk\/index.php\/wp-json\/wp\/v2\/pages\/58","targetHints":{"allow":["GET"]}}],"collection":[{"href":"https:\/\/www.ibjerget.dk\/index.php\/wp-json\/wp\/v2\/pages"}],"about":[{"href":"https:\/\/www.ibjerget.dk\/index.php\/wp-json\/wp\/v2\/types\/page"}],"author":[{"embeddable":true,"href":"https:\/\/www.ibjerget.dk\/index.php\/wp-json\/wp\/v2\/users\/1"}],"replies":[{"embeddable":true,"href":"https:\/\/www.ibjerget.dk\/index.php\/wp-json\/wp\/v2\/comments?post=58"}],"version-history":[{"count":20,"href":"https:\/\/www.ibjerget.dk\/index.php\/wp-json\/wp\/v2\/pages\/58\/revisions"}],"predecessor-version":[{"id":643,"href":"https:\/\/www.ibjerget.dk\/index.php\/wp-json\/wp\/v2\/pages\/58\/revisions\/643"}],"wp:attachment":[{"href":"https:\/\/www.ibjerget.dk\/index.php\/wp-json\/wp\/v2\/media?parent=58"}],"curies":[{"name":"wp","href":"https:\/\/api.w.org\/{rel}","templated":true}]}}