{"id":63,"date":"2021-01-09T10:46:57","date_gmt":"2021-01-09T10:46:57","guid":{"rendered":"https:\/\/www.ibjerget.dk\/?page_id=63"},"modified":"2021-04-21T11:05:15","modified_gmt":"2021-04-21T11:05:15","slug":"johan-boye","status":"publish","type":"page","link":"https:\/\/www.ibjerget.dk\/index.php\/johan-boye\/","title":{"rendered":"Johan Boye"},"content":{"rendered":"\n<p>Certificeret Hypnoterapeut og Studerer Idr\u00e6t og Sundhed p\u00e5 SDU<\/p>\n\n\n\n<p><strong>Personlig tr\u00e6ner <\/strong>igennem flere \u00e5r med eget lille tr\u00e6ningscenter i hyggelige lokaler. Ved tr\u00e6ning hos mig er der fokus p\u00e5 udvikling. Ikke kun p\u00e5 det fysiske plan, men i h\u00f8j grad ogs\u00e5 p\u00e5 det menneskelige plan. Mit m\u00e5l som tr\u00e6ner er at hj\u00e6lpe dig med at blive den bedste udgave af dig selv. <\/p>\n\n\n\n<p>Som <strong>hypnoterapeut<\/strong> l\u00e6gger jeg meget v\u00e6gt p\u00e5 at arbejde med det som er. Mange vil komme med et problem og i l\u00f8bet af samtalen vil vi pr\u00e6cisere problemet, eller i nogen tilf\u00e6lde finde et problem der giver mere mening at arbejde med.  Alle mennesker er forskellige og har brug for hver sin unikke tilgang til at komme videre i sin proces. <\/p>\n","protected":false},"excerpt":{"rendered":"<p>Certificeret Hypnoterapeut og Studerer Idr\u00e6t og Sundhed p\u00e5 SDU Personlig tr\u00e6ner igennem flere \u00e5r med eget lille tr\u00e6ningscenter i hyggelige lokaler. Ved tr\u00e6ning hos mig er der fokus p\u00e5 udvikling. Ikke kun p\u00e5 det fysiske plan, men i h\u00f8j grad&hellip; <\/p>\n","protected":false},"author":1,"featured_media":0,"parent":0,"menu_order":0,"comment_status":"closed","ping_status":"closed","template":"","meta":{"footnotes":""},"class_list":["post-63","page","type-page","status-publish","hentry"],"_links":{"self":[{"href":"https:\/\/www.ibjerget.dk\/index.php\/wp-json\/wp\/v2\/pages\/63","targetHints":{"allow":["GET"]}}],"collection":[{"href":"https:\/\/www.ibjerget.dk\/index.php\/wp-json\/wp\/v2\/pages"}],"about":[{"href":"https:\/\/www.ibjerget.dk\/index.php\/wp-json\/wp\/v2\/types\/page"}],"author":[{"embeddable":true,"href":"https:\/\/www.ibjerget.dk\/index.php\/wp-json\/wp\/v2\/users\/1"}],"replies":[{"embeddable":true,"href":"https:\/\/www.ibjerget.dk\/index.php\/wp-json\/wp\/v2\/comments?post=63"}],"version-history":[{"count":3,"href":"https:\/\/www.ibjerget.dk\/index.php\/wp-json\/wp\/v2\/pages\/63\/revisions"}],"predecessor-version":[{"id":262,"href":"https:\/\/www.ibjerget.dk\/index.php\/wp-json\/wp\/v2\/pages\/63\/revisions\/262"}],"wp:attachment":[{"href":"https:\/\/www.ibjerget.dk\/index.php\/wp-json\/wp\/v2\/media?parent=63"}],"curies":[{"name":"wp","href":"https:\/\/api.w.org\/{rel}","templated":true}]}}