{"id":632,"date":"2022-10-05T20:23:07","date_gmt":"2022-10-05T20:23:07","guid":{"rendered":"https:\/\/www.ibjerget.dk\/?page_id=632"},"modified":"2026-03-27T11:18:00","modified_gmt":"2026-03-27T11:18:00","slug":"arrangementer-kalender","status":"publish","type":"page","link":"https:\/\/www.ibjerget.dk\/index.php\/arrangementer-kalender\/","title":{"rendered":"Arrangementer\/kalender"},"content":{"rendered":"\n<p>Hvis du vil opdateres l\u00f8bende kan du f\u00f8lge facebooksiden &#8216;ibjerget&#8217;<\/p>\n\n\n\n<p><strong>Kunst- og helsemesse<\/strong><\/p>\n\n\n\n<p>Weekenden 28 &#8211; 29 marts <\/p>\n\n\n\n<p>Se program for weekenden <a href=\"http:\/\/<iframe src=&quot;https:\/\/www.facebook.com\/plugins\/post.php?href=https%3A%2F%2Fwww.facebook.com%2Flone.hvid%2Fposts%2Fpfbid02NbqGz3qjWfqMp7GoH8qSvpuc4axuhfDzTCJ9fAK8fsNC887px69k5huMzpryaSSNl&amp;show_text=true&amp;width=500&quot; width=&quot;500&quot; height=&quot;708&quot; style=&quot;border:none;overflow:hidden&quot; scrolling=&quot;no&quot; frameborder=&quot;0&quot; allowfullscreen=&quot;true&quot; allow=&quot;autoplay; clipboard-write; encrypted-media; picture-in-picture; web-share&quot;&gt;<\/iframe&gt;\">her<\/a> <\/p>\n\n\n\n<p><strong>Fuldm\u00e5neaftener p\u00e5 ibjerget.<\/strong><\/p>\n\n\n\n<p>Vi afholder en ceremoni hver gang der er fuldm\u00e5ne. Det vil blive annonceret p\u00e5 facebookgruppen <a href=\"https:\/\/www.facebook.com\/profile.php?id=100076229820657\">ibjerget<\/a><\/p>\n\n\n\n<p>Den overordnede struktur for en fuldm\u00e5neaften er, at Niels fort\u00e6ller om astrologien lige nu og laver en meditation, der afspejler de herskende energier lige nu. Efter en kort pause er der en dybere trommerejse Lone har mediteret sig frem til og vil slutter af med et tr\u00e6kke et tarotkort for perioden frem til n\u00e6ste fuldm\u00e5ne.<\/p>\n\n\n\n<p>Det foreg\u00e5r fra kl. 19.00 p\u00e5 Ibjergvej 12 og koster 150 kr. tilmelding via sms til Lone p\u00e5 30297902<\/p>\n\n\n\n<p><\/p>\n\n\n\n<p><\/p>\n","protected":false},"excerpt":{"rendered":"<p>Hvis du vil opdateres l\u00f8bende kan du f\u00f8lge facebooksiden &#8216;ibjerget&#8217; Kunst- og helsemesse Weekenden 28 &#8211; 29 marts Se program for weekenden her Fuldm\u00e5neaftener p\u00e5 ibjerget. Vi afholder en ceremoni hver gang der er fuldm\u00e5ne. Det vil blive annonceret p\u00e5&hellip; <\/p>\n","protected":false},"author":1,"featured_media":0,"parent":0,"menu_order":0,"comment_status":"closed","ping_status":"closed","template":"","meta":{"footnotes":""},"class_list":["post-632","page","type-page","status-publish","hentry"],"_links":{"self":[{"href":"https:\/\/www.ibjerget.dk\/index.php\/wp-json\/wp\/v2\/pages\/632","targetHints":{"allow":["GET"]}}],"collection":[{"href":"https:\/\/www.ibjerget.dk\/index.php\/wp-json\/wp\/v2\/pages"}],"about":[{"href":"https:\/\/www.ibjerget.dk\/index.php\/wp-json\/wp\/v2\/types\/page"}],"author":[{"embeddable":true,"href":"https:\/\/www.ibjerget.dk\/index.php\/wp-json\/wp\/v2\/users\/1"}],"replies":[{"embeddable":true,"href":"https:\/\/www.ibjerget.dk\/index.php\/wp-json\/wp\/v2\/comments?post=632"}],"version-history":[{"count":52,"href":"https:\/\/www.ibjerget.dk\/index.php\/wp-json\/wp\/v2\/pages\/632\/revisions"}],"predecessor-version":[{"id":928,"href":"https:\/\/www.ibjerget.dk\/index.php\/wp-json\/wp\/v2\/pages\/632\/revisions\/928"}],"wp:attachment":[{"href":"https:\/\/www.ibjerget.dk\/index.php\/wp-json\/wp\/v2\/media?parent=632"}],"curies":[{"name":"wp","href":"https:\/\/api.w.org\/{rel}","templated":true}]}}