{"id":69,"date":"2021-01-09T10:50:41","date_gmt":"2021-01-09T10:50:41","guid":{"rendered":"https:\/\/www.ibjerget.dk\/?page_id=69"},"modified":"2024-07-29T18:03:25","modified_gmt":"2024-07-29T18:03:25","slug":"alt-ansigtsterapi","status":"publish","type":"page","link":"https:\/\/www.ibjerget.dk\/index.php\/alt-ansigtsterapi\/","title":{"rendered":"ALT Ansigtsterapi"},"content":{"rendered":"\n<p>Ansigtets muskler har den s\u00e6rlige kvalitet, at de direkte spejler den f\u00f8lelsesm\u00e6ssige tilstand.  Ser man trist ud, er det fordi man er trist. De muskler, der viser det triste ansigt b\u00e6rer nogle f\u00f8lelser med underliggende (ubevidste) oplevelser.<\/p>\n\n\n\n<p>N\u00e5r jeg bringer dig i en tilstand, hvor du giver slip p\u00e5 dagligdagens bekymringer og stress, vil jeg med blide tryk p\u00e5 en specifik muskel s\u00e6tte fokus p\u00e5 de bagvedliggende f\u00f8lelser\/oplevelser og dermed give mulighed for forl\u00f8sning. Nogle oplever at kroppen giver slip som i et lettelsens suk, mens andre oplever de f\u00f8lelser\/oplevelser, der ligger bag. Nogen gange arbejder vi psykoterapeutisk med at bevidstg\u00f8re og dermed forl\u00f8se de problematikker der ligger, og andre gange er det bare en forl\u00f8sning.<\/p>\n\n\n\n<p>Jeg (<a href=\"https:\/\/www.ibjerget.dk\/index.php\/niels\/\" data-type=\"page\" data-id=\"23\">Niels<\/a>) er uddannet i ALT Ansigts L\u00f8ftnings Teknik af Stanley Rosenberg, og n\u00e5r jeg har valgt at \u00e6ndre navnet, er det fordi mit fokus ikke ligger i den fysiske sk\u00f8nhed (selv om teknikken ogs\u00e5 retter op p\u00e5 sk\u00e6vheder i ansigtet), men der imod det levende udtryksfulde ansigt, som for mig repr\u00e6senterer den sande sk\u00f8nhed. <\/p>\n\n\n\n<p>Jeg m\u00f8dte p\u00e5 et tidspunkt en kvinde, der fortalte, at hun havde pr\u00f8vet at f\u00e5 den slags behandlinger 2 \u00e5r tidligere hos en anden terapeut. Jeg kunne se, hvordan hun str\u00e5lede med liv i den \u00f8verste del af ansigtet mens den nederste del var knap s\u00e5 udtryksfuld, og kunne derfor fort\u00e6lle hende hvor mange behandlinger hun havde modtaget fordi vi er blevet undervist i at arbejde med ansigtet i en bestemt r\u00e6kkef\u00f8lge.<\/p>\n\n\n\n<p>Forl\u00f8bet best\u00e5r som udgangspunkt af 6 behandlinger, hvor vi gennemg\u00e5r samtlige muskler i hoved, ansigt, hals og nakke, men kan ogs\u00e5 arbejde specifikt med f.eks. et sk\u00e6vt bid eller sp\u00e6ndingshovedpiner.<\/p>\n\n\n\n<p>Teknikken kan ogs\u00e5 bruges andre steder end i ansigtet ved f.eks en frossen skulder eller tennisalbue.<\/p>\n\n\n\n<p>500 kr pr behandling.<br>Varighed cirka en time.<\/p>\n\n\n\n<p><\/p>\n\n\n\n<p><\/p>\n","protected":false},"excerpt":{"rendered":"<p>Ansigtets muskler har den s\u00e6rlige kvalitet, at de direkte spejler den f\u00f8lelsesm\u00e6ssige tilstand. Ser man trist ud, er det fordi man er trist. De muskler, der viser det triste ansigt b\u00e6rer nogle f\u00f8lelser med underliggende (ubevidste) oplevelser. N\u00e5r jeg bringer&hellip; <\/p>\n","protected":false},"author":1,"featured_media":0,"parent":0,"menu_order":0,"comment_status":"closed","ping_status":"closed","template":"","meta":{"footnotes":""},"class_list":["post-69","page","type-page","status-publish","hentry"],"_links":{"self":[{"href":"https:\/\/www.ibjerget.dk\/index.php\/wp-json\/wp\/v2\/pages\/69","targetHints":{"allow":["GET"]}}],"collection":[{"href":"https:\/\/www.ibjerget.dk\/index.php\/wp-json\/wp\/v2\/pages"}],"about":[{"href":"https:\/\/www.ibjerget.dk\/index.php\/wp-json\/wp\/v2\/types\/page"}],"author":[{"embeddable":true,"href":"https:\/\/www.ibjerget.dk\/index.php\/wp-json\/wp\/v2\/users\/1"}],"replies":[{"embeddable":true,"href":"https:\/\/www.ibjerget.dk\/index.php\/wp-json\/wp\/v2\/comments?post=69"}],"version-history":[{"count":11,"href":"https:\/\/www.ibjerget.dk\/index.php\/wp-json\/wp\/v2\/pages\/69\/revisions"}],"predecessor-version":[{"id":888,"href":"https:\/\/www.ibjerget.dk\/index.php\/wp-json\/wp\/v2\/pages\/69\/revisions\/888"}],"wp:attachment":[{"href":"https:\/\/www.ibjerget.dk\/index.php\/wp-json\/wp\/v2\/media?parent=69"}],"curies":[{"name":"wp","href":"https:\/\/api.w.org\/{rel}","templated":true}]}}