{"id":711,"date":"2023-03-21T09:33:52","date_gmt":"2023-03-21T09:33:52","guid":{"rendered":"https:\/\/www.ibjerget.dk\/?page_id=711"},"modified":"2023-03-21T09:34:25","modified_gmt":"2023-03-21T09:34:25","slug":"wicca","status":"publish","type":"page","link":"https:\/\/www.ibjerget.dk\/index.php\/wicca\/","title":{"rendered":"Artikel om Wicca"},"content":{"rendered":"\n<p><strong>Lone er heks p\u00e5 fuldtid: &#8211; Jeg m\u00f8der accept, men ikke s\u00e5 meget respekt<\/strong><\/p>\n\n\n\n<figure class=\"wp-block-image size-full\"><img loading=\"lazy\" decoding=\"async\" width=\"880\" height=\"658\" src=\"https:\/\/www.ibjerget.dk\/wp-content\/uploads\/2023\/03\/fyens-stiftstidende-artikel-skyggernes-bog.jpg\" alt=\"\" class=\"wp-image-712\" srcset=\"https:\/\/www.ibjerget.dk\/wp-content\/uploads\/2023\/03\/fyens-stiftstidende-artikel-skyggernes-bog.jpg 880w, https:\/\/www.ibjerget.dk\/wp-content\/uploads\/2023\/03\/fyens-stiftstidende-artikel-skyggernes-bog-300x224.jpg 300w, https:\/\/www.ibjerget.dk\/wp-content\/uploads\/2023\/03\/fyens-stiftstidende-artikel-skyggernes-bog-768x574.jpg 768w\" sizes=\"auto, (max-width: 880px) 100vw, 880px\" \/><\/figure>\n\n\n\n<p>Lone Hvid l\u00e6ser hver nat i skyggernes bog, hvor hun har indsat citater og besv\u00e6rgelser, der renser et rum. Et af de citater hun l\u00e6ser er: \u2019Always trust your inner Goddess\u2019. Foto: Sia Keil<\/p>\n\n\n\n<p>Der er omkring 5000 hekse i hele Danmark, og en af dem bor p\u00e5 Midtfyn. Hun er heks p\u00e5 fuld tid, men ogs\u00e5 helt almindelig mormor.<\/p>\n\n\n\n<p>20 mar. 2023 kl. 20:00<\/p>\n\n\n\n<p>Lea Johanne Pedersen &amp; Sia Sommer Keil, journaliststuderende ved SDU, rvjo@fyens.dk<\/p>\n\n\n\n<p>\u00c5rslev: Det store hvide hus i \u00c5rslev b\u00e6rer pr\u00e6g af Lone Hvids s\u00e6rlige tro.<\/p>\n\n\n\n<p>Duften af salvie fra g\u00e5rsdagens fuldm\u00e5neceremoni h\u00e6nger stadig svagt i luften.<\/p>\n\n\n\n<p>I gangen pynter to store stave, som Lone Hvid og hendes mand, Niels Boye, selv har udsmykket med kobbertr\u00e5d og krystaller, og smilet p\u00e5 hendes ansigt n\u00e5r helt op til de bl\u00e5gr\u00f8nne \u00f8jne, n\u00e5r hun taler om figurerne og de forskellige magiske symboler, der st\u00e5r p\u00e5 hendes alter.<\/p>\n\n\n\n<p>Figurerne p\u00e5 hendes alter betyder noget helt s\u00e6rligt. De repr\u00e6senterer Lone Hvids fire gudinder, som f\u00f8lger hende gennem troen: Freja, Hekate, Ishtar og Eirene, de repr\u00e6senterer hver is\u00e6r en helt s\u00e6rlig energi, som Lone dyrker dagligt.<\/p>\n\n\n\n<p>&#8211; Det er jo repr\u00e6sentationer, s\u00e5 ved jeg, at deres energi er repr\u00e6senteret i rummet, forklarer hun.<\/p>\n\n\n\n<p>Lone Hvids alter med bl.a. pentagram, som er for beskyttelse. Foto: Lea Johanne Pedersen<\/p>\n\n\n\n<p>Lone Hvid er 68 \u00e5r, folkepensionist og er pr\u00e6stinde i hendes egen Wicca-gruppe, Hvide Ravne, der har 15 indviede medlemmer, som praktiserer heksekunsten sammen.<\/p>\n\n\n\n<p>P\u00e5 godt gammelt dansk, ville man alts\u00e5 kalde hende en heks.<\/p>\n\n\n\n<p>&#8211; Jeg har altid f\u00f8lt mig draget til noget, der var mystisk og anderledes, fordi jeg selv har f\u00f8lt mig lidt anderledes, siger hun.<\/p>\n\n\n\n<p><strong>Sv\u00e6r start p\u00e5 livet<\/strong><\/p>\n\n\n\n<p>F\u00f8rste del af Lone Hvids liv var ikke nem. Den var pr\u00e6get af mobning, vold og overgreb, blandt andet med slag fra det skohorn, hendes mor t\u00e6skede hende med. Hun husker stadig, hvad der stod p\u00e5 skohornet:<\/p>\n\n\n\n<p>\u2018\u2019B\u00f8j dig ej, pr\u00f8v med mig\u201d<\/p>\n\n\n\n<p>F\u00f8rst efter morens d\u00f8d kom hekseverdenen snigende, og s\u00e5 gik det st\u00e6rkt, fort\u00e6ller hun<\/p>\n\n\n\n<p>I en st\u00e6rk meditation kom gudinden Hekate (fra gr\u00e6sk mytologi, red.) til hende, og her gik det op for Lone Hvid, at hun skulle praktisere heksekunsten. Derfor startede hun i 2018 sin egen Wicca-gruppe, Hvide Ravne.<\/p>\n\n\n\n<p>Traditionerne i Wicca tager blandt andet udgangspunkt i deres otte sabbatter, som bedst kan beskrives som en samling af begivenheder og hedenske traditioner, der finder sted i l\u00f8bet af \u00e5ret. Fuldst\u00e6ndigt ligesom n\u00e5r man skriver jul og nyt\u00e5r ind i kalenderen, er det her alts\u00e5 heksenes \u00e5rskalender. De otte sabbatter fejrer og markerer begyndelsen af hver \u00e5rstid, samt midtpunkterne mellem \u00e5rstiderne.<\/p>\n\n\n\n<figure class=\"wp-block-image size-large\"><img loading=\"lazy\" decoding=\"async\" width=\"1024\" height=\"767\" src=\"https:\/\/www.ibjerget.dk\/wp-content\/uploads\/2023\/03\/Fyens-stiftstidende-alter-1024x767.jpg\" alt=\"\" class=\"wp-image-713\" srcset=\"https:\/\/www.ibjerget.dk\/wp-content\/uploads\/2023\/03\/Fyens-stiftstidende-alter-1024x767.jpg 1024w, https:\/\/www.ibjerget.dk\/wp-content\/uploads\/2023\/03\/Fyens-stiftstidende-alter-300x225.jpg 300w, https:\/\/www.ibjerget.dk\/wp-content\/uploads\/2023\/03\/Fyens-stiftstidende-alter-768x575.jpg 768w, https:\/\/www.ibjerget.dk\/wp-content\/uploads\/2023\/03\/Fyens-stiftstidende-alter.jpg 1440w\" sizes=\"auto, (max-width: 1024px) 100vw, 1024px\" \/><\/figure>\n\n\n\n<p><strong>Wicca<\/strong><\/p>\n\n\n\n<ul class=\"wp-block-list\">\n<li>Wicca er en ny hedensk, naturbaseret religion. Den indeholder referencer til keltiske guddomme og symboler, og fejringer af \u00e5rstiderne er centralt.<\/li>\n\n\n\n<li>Wicca startede i 1954 og er en moderne, naturbaseret religion pr\u00e6get af de pr\u00e6-kristne forestillinger og traditioner.<\/li>\n\n\n\n<li>Der er ca. 5000 hekse i Danmark, men et stort m\u00f8rketal, da der ogs\u00e5 er de eklektiske hekse, som praktiserer for sig selv.<\/li>\n<\/ul>\n\n\n\n<p>Kilde: Lone Hvid, Religion.dk<\/p>\n\n\n\n<p>Lone Hvid og Hvide Ravne (Lone Hvids Wicca-gruppe, <em>red.<\/em>) m\u00f8des fast otte gange \u00e5rligt hjemme hos Lone Hvid, til de otte sabbatter, plus det l\u00f8se.<\/p>\n\n\n\n<p>I Hvide Ravne (Lone Hvids Wicca-gruppe, <em>red.<\/em>) praktiserer de s\u00e5kaldt hvid magi:<\/p>\n\n\n\n<p>&#8211; Vi bruger den hvide magi til selvudvikling, healing og kan sende kraft til de steder, der har brug for lys. Blandt andet Ukraine, men ogs\u00e5 Rusland, for vi kan ikke vurdere, hvad der er rigtigt i den her sag. Det, at t\u00e6nke p\u00e5 d\u00e5rlige tanker om andre, det er der lidt sort magi i, forklarer Lone Hvid.<\/p>\n\n\n\n<p>Sort magi er mods\u00e6tningen til hvid magi, og sort magi er noget, heksene tager stor afstand fra. Sort magi, indeb\u00e6rer fors\u00f8g p\u00e5 at skade andre, eller p\u00e5kalde sataniske kr\u00e6fter med henblik p\u00e5 egen vinding, uddyber Lone Hvid.<\/p>\n\n\n\n<figure class=\"wp-block-image size-full\"><img loading=\"lazy\" decoding=\"async\" width=\"300\" height=\"401\" src=\"https:\/\/www.ibjerget.dk\/wp-content\/uploads\/2023\/03\/Fyens-stiftstidende-bog.jpg\" alt=\"\" class=\"wp-image-714\" srcset=\"https:\/\/www.ibjerget.dk\/wp-content\/uploads\/2023\/03\/Fyens-stiftstidende-bog.jpg 300w, https:\/\/www.ibjerget.dk\/wp-content\/uploads\/2023\/03\/Fyens-stiftstidende-bog-224x300.jpg 224w\" sizes=\"auto, (max-width: 300px) 100vw, 300px\" \/><\/figure>\n\n\n\n<p>Udover at v\u00e6re heks har Lone Hvid ogs\u00e5 skrevet en bog \u2018Pr\u00e6stindens vej\u2019, hvor brudstykker fra hendes eget liv indg\u00e5r. Udgivet p\u00e5 Forlaget Golden Eagle. Foto: Lea Johanne Pedersen<\/p>\n\n\n\n<p><strong>Heksekunst i hverdagen<\/strong><\/p>\n\n\n\n<p>Udover de otte sabbatter fejrer de Hvide Ravne blandt andet midsommer, ogs\u00e5 kaldet Litha, 21. juni. Her fejrer de, at solen st\u00e5r p\u00e5 sit h\u00f8jeste.<\/p>\n\n\n\n<p>Og mens de sidder omkring et b\u00e5l, tr\u00e6kker gruppen de gode kr\u00e6fter ind, og \u00f8nsker om gode ting i det nye \u00e5r. Det kunne lyde som sankthans, men det er det langt fra. Faktisk er sankthans ikke noget, hun bryder sig om at blive husket p\u00e5:<\/p>\n\n\n\n<p>&#8211; Jeg synes ikke om de forf\u00e6rdelige tragedier, man gjorde mod kvinder, og at det bliver bibeholdt, siger Lone Hvid med tanker p\u00e5 hekseafbr\u00e6ndingerne tilbage i gamle dage.<\/p>\n\n\n\n<p>Jeg m\u00f8der mest accept, men ikke s\u00e5 meget respekt fra andre, men det er ogs\u00e5 okay. De skal have lov til at leve deres liv. Det her er bare det liv, jeg har valgt at leve.<\/p>\n\n\n\n<p><em>Lone Hvid<\/em><\/p>\n\n\n\n<p>N\u00e5r man er heks, er der ogs\u00e5 nogle ritualer, der skal gennemf\u00f8res. Et af dem er fuldm\u00e5neceremonien. Heksene mener, at n\u00e5r m\u00e5nen er fuld, har den en st\u00e6rkere kraft, og den kraft bruger heksene. De tr\u00e6kker kraften ned gennem et menneskes chakra-system (de syv prim\u00e6re energipunkter i kroppen, jf. indisk overtro, red.). Et af medlemmerne, der har rygproblemer, har f\u00e5et gavn af det, n\u00e6vner Lone Hvid:<\/p>\n\n\n\n<p>&#8211; Hun fortalte mig, at hun ikke havde ondt i ryggen flere dage efter fuldem\u00e5neceremonien. Hun sagde ogs\u00e5, at hun havde pr\u00f8vet at gennemf\u00f8re en meditation (som dem, der gennemf\u00f8res til ceremonierne, red.) selv, men at det ikke virkede lige s\u00e5 godt, som n\u00e5r vi var samlet, beretter Lone Hvid.<\/p>\n\n\n\n<p><\/p>\n\n\n\n<p>Det kan godt v\u00e6re, at hun er heks, men hun er ogs\u00e5 almindelig mormor, der, selvom hun sammen med de andre hekse fejrer \u2018Yule\u2019 21. december, der er wiccaheksenes form for jul, ogs\u00e5 fejrer helt almindelig jul med sine b\u00f8rn og b\u00f8rneb\u00f8rn.<\/p>\n\n\n\n<p>De to h\u00f8jtider kan dog ikke helt sammenlignes, da heksenes fortolkning siger, at den gravide gudinde f\u00f8der solguden p\u00e5 ny, frem for kristendommens fortolkning, hvor vi mindes at Jesus bliver f\u00f8dt.<\/p>\n\n\n\n<p>&#8211; Men jeg er jo ogs\u00e5 almindelig mormor, s\u00e5 jeg fejrer selvf\u00f8lgeligt ogs\u00e5 24. december, fort\u00e6ller Lone Hvid.<\/p>\n\n\n\n<p><strong>Fordomme fra omverdenen<\/strong><\/p>\n\n\n\n<p>Hvis folk sp\u00f8rger ind til Lone Hvids hverdag, s\u00e5 fort\u00e6ller hun ikke, om hendes livsstil som heks, men om interesserne for at skrive b\u00f8ger, v\u00e6re terapeut og behandler. Det er der en helt bestemt grund til:<\/p>\n\n\n\n<p>&#8211; Der er s\u00e5 mange fordomme p\u00e5 ordet heks, s\u00e5 jeg g\u00e5r ikke og siger, at jeg er heks, fort\u00e6ller hun.<\/p>\n\n\n\n<p>Mange af fordommene m\u00f8der hun fra hendes n\u00e6rmeste, blandt andet fra sin svigermor, mor og omverdenen, hvor folk oftest t\u00e6nker, at det er noget pjat. Men det tager hun ikke s\u00e5dan p\u00e5 vej.<\/p>\n\n\n\n<p>&#8211; Jamen, det er rigtigt for dem (at det er noget pjat,<em> red.<\/em>), for det er det, de tror p\u00e5. Jeg skal ikke p\u00e5dutte nogen, noget som helst.<\/p>\n\n\n\n<p>Men p\u00e5 trods af fordommene s\u00e5 forts\u00e6tter Lone Hvid og hendes 15 andre medlemmer deres heksekunster.<\/p>\n\n\n\n<p>&#8211; Jeg m\u00f8der mest accept, men ikke s\u00e5 meget respekt fra andre, men det er ogs\u00e5 okay. De skal have lov til at leve deres liv. Det her er bare det liv, jeg har valgt at leve, siger Lone Hvid.<\/p>\n","protected":false},"excerpt":{"rendered":"<p>Lone er heks p\u00e5 fuldtid: &#8211; Jeg m\u00f8der accept, men ikke s\u00e5 meget respekt Lone Hvid l\u00e6ser hver nat i skyggernes bog, hvor hun har indsat citater og besv\u00e6rgelser, der renser et rum. Et af de citater hun l\u00e6ser er:&hellip; <\/p>\n","protected":false},"author":1,"featured_media":0,"parent":0,"menu_order":0,"comment_status":"closed","ping_status":"closed","template":"","meta":{"footnotes":""},"class_list":["post-711","page","type-page","status-publish","hentry"],"_links":{"self":[{"href":"https:\/\/www.ibjerget.dk\/index.php\/wp-json\/wp\/v2\/pages\/711","targetHints":{"allow":["GET"]}}],"collection":[{"href":"https:\/\/www.ibjerget.dk\/index.php\/wp-json\/wp\/v2\/pages"}],"about":[{"href":"https:\/\/www.ibjerget.dk\/index.php\/wp-json\/wp\/v2\/types\/page"}],"author":[{"embeddable":true,"href":"https:\/\/www.ibjerget.dk\/index.php\/wp-json\/wp\/v2\/users\/1"}],"replies":[{"embeddable":true,"href":"https:\/\/www.ibjerget.dk\/index.php\/wp-json\/wp\/v2\/comments?post=711"}],"version-history":[{"count":2,"href":"https:\/\/www.ibjerget.dk\/index.php\/wp-json\/wp\/v2\/pages\/711\/revisions"}],"predecessor-version":[{"id":717,"href":"https:\/\/www.ibjerget.dk\/index.php\/wp-json\/wp\/v2\/pages\/711\/revisions\/717"}],"wp:attachment":[{"href":"https:\/\/www.ibjerget.dk\/index.php\/wp-json\/wp\/v2\/media?parent=711"}],"curies":[{"name":"wp","href":"https:\/\/api.w.org\/{rel}","templated":true}]}}