{"id":794,"date":"2023-08-28T17:09:00","date_gmt":"2023-08-28T17:09:00","guid":{"rendered":"https:\/\/www.ibjerget.dk\/?page_id=794"},"modified":"2023-08-28T17:11:05","modified_gmt":"2023-08-28T17:11:05","slug":"wiccagruppen-hvide-ravn","status":"publish","type":"page","link":"https:\/\/www.ibjerget.dk\/index.php\/wiccagruppen-hvide-ravn\/","title":{"rendered":"Wiccagruppen Hvide Ravn"},"content":{"rendered":"\n<p><strong>Wiccagruppen Hvide Ravn<\/strong><\/p>\n\n\n\n<p>Wicca er en naturreligion, som f\u00f8lger \u00e5rstiderne. Der er 8 \u00e5rstidsfester, ogs\u00e5 kaldet sabbatter, hvor vi fejrer naturens kr\u00e6fter og de guddomme, der h\u00f8rer til hver fest. Wicca er et keltisk ord for witch, som p\u00e5 dansk ben\u00e6vnes heks eller klog kvinde, og som p\u00e5 keltisk betyder &#8220;De vise&#8221;. I wicca arbejder vi altid kun med hvid magi, som ikke kan skade andre.<\/p>\n\n\n\n<p>Her i Danmark har betydningen af en heks desv\u00e6rre f\u00e5et en negativ betydning i mange menneskers forst\u00e5else \u2013 skabt bl.a. fra eventyr og kristendommens forf\u00f8lgelser. Derfor kan vi ogs\u00e5 kalde os for wicca-troende, wiccanere eller shamaner. N\u00e5r hekse har f\u00e5et en negativ klang, kan \u00e5rsagen v\u00e6re, at vi i wicca s\u00f8ger at finde naturlige kr\u00e6fter i os selv og i naturen, og disse st\u00e6rke kr\u00e6fter kan m\u00e5ske skr\u00e6mme de mennesker, der ikke kender til, hvordan man kan bruge disse kr\u00e6fter til at blive st\u00e6rke, spirituelle mennesker. Frygt har meget magt. Wicca er det modsatte af frygt, nemlig balance i os selv og med naturen. Wicca har aldrig v\u00e6ret \u00e5rsag til krige, tortur eller forf\u00f8lgelser af andre. Derfor er der ingen skyggesider af denne tro.<\/p>\n\n\n\n<p>\u00c5rshjulets spirituelle historie:<\/p>\n\n\n\n<p><em>Gudinden er det h\u00f8jeste og er altid eksisterende og har altid v\u00e6ret. Hun er skaberen af alting fra oprindelsen. Hun har 3 aldre, som ogs\u00e5 f\u00f8lger naturen. Hun er skaberen af den cyklus, at Guden bliver f\u00f8dt af hende den 21. december til sabbatten, som kaldes Yule.<\/em><\/p>\n\n\n\n<p><em>Herefter omskaber hun sig i det tidlige for\u00e5r til den unge pige, s\u00e5 Guden og Gudinden kan vokse op sammen. Guden er meget forelsket i Gudinden, s\u00e5 han s\u00f8rger for at g\u00f8re hele jorden gr\u00f8n til hende, senere med blomster og l\u00f8v p\u00e5 tr\u00e6erne, n\u00e5r blot hun vil l\u00e6gge sig ved hans leje og v\u00e6re sammen med hende. Det kan hun naturligvis ikke st\u00e5 for, s\u00e5 det g\u00f8r hun og bliver svanger med Guden.<\/em><\/p>\n\n\n\n<p><em>Hen over sommeren g\u00f8r Guden alt for, at hun skal synes om hans v\u00e6rk som et udtryk for sin k\u00e6rlighed til hende gennem alle levende planter og tr\u00e6er, der g\u00f8r jorden smuk og indbydende.<\/em><\/p>\n\n\n\n<p><em>Til efter\u00e5ret mister han dog sine kr\u00e6fter efter alle anstrengelserne, og til den sabbat, der kaldes Samhain (31. oktober), d\u00f8r Guden. Men Gudinden f\u00f8lger ham til d\u00f8dsriget, og derfor er v\u00e6ggene tyndest netop denne aften mellem levende og d\u00f8de.<\/em><\/p>\n\n\n\n<p><em>Hun overgiver ham til den m\u00f8rke jord, hvor han skal samle kr\u00e6fter indtil for\u00e5ret og lysets tilbagekomst. Hun f\u00f8lder ham igen den 21. december, og s\u00e5ledes forts\u00e6tter denne fantastisk smukke beretning om \u00e5rshjulet og \u00e5rstiderne.<\/em><\/p>\n\n\n\n<p>Wicca har 1 hovedregel: G\u00f8r, hvad du vil, bare det ikke skader andre. Enkelt, og s\u00e5 m\u00e5ske alligevel sv\u00e6r at efterleve helt, da vi skal t\u00e6nke os om, hvad der kan skade andre, f\u00f8r vi anvender magi.<\/p>\n\n\n\n<p>I wiccagruppen Hvide Ravn m\u00f8des vi til de 8 sabbatter, \u00e6rer Guder og Gudinder og inviterer kraftdyr, engle og andre v\u00e6sener, som kan knytte sig til sabbatten med til vores fest. Vi arbejder altid for spirituel udvikling, og vi deler hinandens omr\u00e5der inden for visdom og indsigter.<\/p>\n\n\n\n<p>Vi mediterer, arbejder med os selv p\u00e5 tromme-\/lydrejse, tr\u00e6kker tarotkort, drikker te mv. og deler indsigter med hinanden.<\/p>\n\n\n\n<p>Er der tid til det, lader vi til sidst trommer, rasler og stemmer udtrykke sig.<\/p>\n\n\n\n<p>Vi anbefaler, at man i sit hjem har sit personlige alter, hvor man kan meditere, falde til ro, kontakte h\u00f8jere v\u00e6sener, lave spells, og hvad man ellers har brug for.<\/p>\n\n\n\n<p>For at komme med i wicca-gruppen har man en afklarende samtale, s\u00e5 vi har en forst\u00e5else af hinanden, inden man starter. Vi har en lukket facebookgruppe, hvor vi aftaler m\u00f8der, sabbatter, fuldm\u00e5neceremonier og andet, vi kan dele, der har relation til gruppens arbejde.<\/p>\n\n\n\n<p>Er det noget, du har lyst til at v\u00e6re med i, s\u00e5 kontakt Lone, som er pr\u00e6stinde i gruppen, p\u00e5 tlf. (gerne som sms) 30297902.<\/p>\n","protected":false},"excerpt":{"rendered":"<p>Wiccagruppen Hvide Ravn Wicca er en naturreligion, som f\u00f8lger \u00e5rstiderne. Der er 8 \u00e5rstidsfester, ogs\u00e5 kaldet sabbatter, hvor vi fejrer naturens kr\u00e6fter og de guddomme, der h\u00f8rer til hver fest. Wicca er et keltisk ord for witch, som p\u00e5 dansk&hellip; <\/p>\n","protected":false},"author":1,"featured_media":0,"parent":0,"menu_order":0,"comment_status":"closed","ping_status":"closed","template":"","meta":{"footnotes":""},"class_list":["post-794","page","type-page","status-publish","hentry"],"_links":{"self":[{"href":"https:\/\/www.ibjerget.dk\/index.php\/wp-json\/wp\/v2\/pages\/794","targetHints":{"allow":["GET"]}}],"collection":[{"href":"https:\/\/www.ibjerget.dk\/index.php\/wp-json\/wp\/v2\/pages"}],"about":[{"href":"https:\/\/www.ibjerget.dk\/index.php\/wp-json\/wp\/v2\/types\/page"}],"author":[{"embeddable":true,"href":"https:\/\/www.ibjerget.dk\/index.php\/wp-json\/wp\/v2\/users\/1"}],"replies":[{"embeddable":true,"href":"https:\/\/www.ibjerget.dk\/index.php\/wp-json\/wp\/v2\/comments?post=794"}],"version-history":[{"count":1,"href":"https:\/\/www.ibjerget.dk\/index.php\/wp-json\/wp\/v2\/pages\/794\/revisions"}],"predecessor-version":[{"id":796,"href":"https:\/\/www.ibjerget.dk\/index.php\/wp-json\/wp\/v2\/pages\/794\/revisions\/796"}],"wp:attachment":[{"href":"https:\/\/www.ibjerget.dk\/index.php\/wp-json\/wp\/v2\/media?parent=794"}],"curies":[{"name":"wp","href":"https:\/\/api.w.org\/{rel}","templated":true}]}}