{"id":881,"date":"2024-07-29T17:51:22","date_gmt":"2024-07-29T17:51:22","guid":{"rendered":"https:\/\/www.ibjerget.dk\/?page_id=881"},"modified":"2024-07-29T17:56:46","modified_gmt":"2024-07-29T17:56:46","slug":"afbestillingsregler","status":"publish","type":"page","link":"https:\/\/www.ibjerget.dk\/index.php\/afbestillingsregler\/","title":{"rendered":"Afbestillingsregler"},"content":{"rendered":"\n<p>Vi forst\u00e5r, at der kan opst\u00e5 uforudsete \u00e6ndringer i dine planer. Derfor tilbyder vi vores kunder muligheden for at annullere en booket aftale 24 timer f\u00f8r den planlagte behandling starter \u2013 uden ekstra omkostninger.<\/p>\n\n\n\n<p>Skulle uheldet v\u00e6re ude, og du bliver akut forhindret, vil du blive faktureret 50 % af behandlingens pris. Ved udeblivelse fra behandlingen vil du blive faktureret for behandlingens fulde pris.<\/p>\n\n\n\n<p>Vores m\u00e5l er altid at levere den bedst mulige service, og vi h\u00e5ber at kunne betjene dig igen i fremtiden.<\/p>\n\n\n\n<p><\/p>\n","protected":false},"excerpt":{"rendered":"<p>Vi forst\u00e5r, at der kan opst\u00e5 uforudsete \u00e6ndringer i dine planer. Derfor tilbyder vi vores kunder muligheden for at annullere en booket aftale 24 timer f\u00f8r den planlagte behandling starter \u2013 uden ekstra omkostninger. Skulle uheldet v\u00e6re ude, og du&hellip; <\/p>\n","protected":false},"author":1,"featured_media":0,"parent":0,"menu_order":0,"comment_status":"closed","ping_status":"closed","template":"","meta":{"footnotes":""},"class_list":["post-881","page","type-page","status-publish","hentry"],"_links":{"self":[{"href":"https:\/\/www.ibjerget.dk\/index.php\/wp-json\/wp\/v2\/pages\/881","targetHints":{"allow":["GET"]}}],"collection":[{"href":"https:\/\/www.ibjerget.dk\/index.php\/wp-json\/wp\/v2\/pages"}],"about":[{"href":"https:\/\/www.ibjerget.dk\/index.php\/wp-json\/wp\/v2\/types\/page"}],"author":[{"embeddable":true,"href":"https:\/\/www.ibjerget.dk\/index.php\/wp-json\/wp\/v2\/users\/1"}],"replies":[{"embeddable":true,"href":"https:\/\/www.ibjerget.dk\/index.php\/wp-json\/wp\/v2\/comments?post=881"}],"version-history":[{"count":3,"href":"https:\/\/www.ibjerget.dk\/index.php\/wp-json\/wp\/v2\/pages\/881\/revisions"}],"predecessor-version":[{"id":887,"href":"https:\/\/www.ibjerget.dk\/index.php\/wp-json\/wp\/v2\/pages\/881\/revisions\/887"}],"wp:attachment":[{"href":"https:\/\/www.ibjerget.dk\/index.php\/wp-json\/wp\/v2\/media?parent=881"}],"curies":[{"name":"wp","href":"https:\/\/api.w.org\/{rel}","templated":true}]}}